{"id":3284,"date":"2017-01-09T08:57:13","date_gmt":"2017-01-09T07:57:13","guid":{"rendered":"http:\/\/www.gerryeder.at\/gerryeder\/2017\/wordpress\/?page_id=3284"},"modified":"2026-04-20T11:14:47","modified_gmt":"2026-04-20T09:14:47","slug":"gerry-eder-schmuckmanufaktur","status":"publish","type":"page","link":"https:\/\/www.gerryeder.at\/gerryeder\/2017\/wordpress\/","title":{"rendered":"Gerry Eder | Schmuckmanufaktur"},"content":{"rendered":"<div id='fullscreen_slider_1'  class='avia-fullscreen-slider main_color   avia-builder-el-0  el_before_av_one_full  avia-builder-el-first   container_wrap fullsize' style=' '  ><a href='#next-section' title='' class='scroll-down-link av-control-hidden' aria-hidden='true' data-av_icon='\ue877' data-av_iconfont='entypo-fontello'><\/a><div   data-size='extra_large'  data-lightbox_size='large'  data-animation='fade'  data-conditional_play=''  data-ids='5691,6128,6126'  data-video_counter='0'  data-autoplay='true'  data-bg_slider='true'  data-slide_height='100'  data-handle='av_fullscreen'  data-interval='6'  data-class=' '  data-el_id=''  data-css_id='fullscreen_slider_1'  data-scroll_down='aviaTBscroll_down'  data-control_layout='av-control-hidden'  data-custom_markup=''  data-perma_caption=''  data-autoplay_stopper=''  data-image_attachment=''  data-min_height='0px'  data-lazy_loading='disabled'  data-stretch=''  data-default-height='100'  class='avia-slideshow avia-slideshow-1 av-slider-scroll-down-active av-control-hidden av-default-height-applied avia-slideshow-extra_large av_fullscreen   avia-fade-slider '  itemprop=\"image\" itemscope=\"itemscope\" itemtype=\"https:\/\/schema.org\/ImageObject\" ><ul class='avia-slideshow-inner ' style='padding-bottom: 50%;' ><li style='background-position:center center;' data-img-url='https:\/\/www.gerryeder.at\/gerryeder\/2017\/wordpress\/wp-content\/uploads\/2025\/12\/Gray-Black-Minimalist-Fashion-New-Arrival-Promotion-Banner-1-1-1500x750.png' class=' slide-1 ' ><div data-rel='slideshow-1' class='avia-slide-wrap '   ><\/div><\/li><li style='background-position:center center;' data-img-url='https:\/\/www.gerryeder.at\/gerryeder\/2017\/wordpress\/wp-content\/uploads\/2026\/04\/Gray-Black-Minimalist-Fashion-New-Arrival-Promotion-Banner-Kopie-4-1500x750.png' class=' slide-2 ' ><div data-rel='slideshow-1' class='avia-slide-wrap '   ><\/div><\/li><li style='background-position:center center;' data-img-url='https:\/\/www.gerryeder.at\/gerryeder\/2017\/wordpress\/wp-content\/uploads\/2026\/04\/Gray-Black-Minimalist-Fashion-New-Arrival-Promotion-Banner-Kopie-3-1500x750.png' class=' slide-3 ' ><div data-rel='slideshow-1' class='avia-slide-wrap '   ><\/div><\/li><\/ul><div class='avia-slideshow-arrows avia-slideshow-controls'><a href='#prev' class='prev-slide' aria-hidden='true' data-av_icon='\ue87c' data-av_iconfont='entypo-fontello'>Zur\u00fcck<\/a><a href='#next' class='next-slide' aria-hidden='true' data-av_icon='\ue87d' data-av_iconfont='entypo-fontello'>Weiter<\/a><\/div><div class='avia-slideshow-dots avia-slideshow-controls'><a href='#1' class='goto-slide active' >1<\/a><a href='#2' class='goto-slide ' >2<\/a><a href='#3' class='goto-slide ' >3<\/a><\/div><\/div><\/div><div id='after_full_slider_1'  class='main_color av_default_container_wrap container_wrap fullsize' style=' '  ><div class='container' ><div class='template-page content  av-content-full alpha units'><div class='post-entry post-entry-type-page post-entry-3284'><div class='entry-content-wrapper clearfix'>\n<div class=\"flex_column av_one_full  no_margin flex_column_div av-zero-column-padding first  avia-builder-el-1  el_after_av_fullscreen  el_before_av_one_full  avia-builder-el-first  \" style='background-color:#ffffff; border-radius:0px; '><section class=\"av_textblock_section \"  itemscope=\"itemscope\" itemtype=\"https:\/\/schema.org\/CreativeWork\" ><div class='avia_textblock  av_inherit_color '  style='color:#ffffff; '  itemprop=\"text\" ><p>..<\/p>\n<\/div><\/section><\/div>\n<div class=\"flex_column av_one_full  flex_column_div av-zero-column-padding first  avia-builder-el-3  el_after_av_one_full  el_before_av_textblock  column-top-margin\" style='border-radius:0px; '><div  style='padding-bottom:10px; color:#515151;font-size:30px;' class='av-special-heading av-special-heading-h3 custom-color-heading blockquote classic-quote  avia-builder-el-4  avia-builder-el-no-sibling  av-inherit-size '><h3 class='av-special-heading-tag '  itemprop=\"headline\"  >Besondere St\u00fccke f\u00fcr besondere Menschen.<\/h3><div class='special-heading-border'><div class='special-heading-inner-border' style='border-color:#515151'><\/div><\/div><\/div><\/div>\n<section class=\"av_textblock_section \"  itemscope=\"itemscope\" itemtype=\"https:\/\/schema.org\/CreativeWork\" ><div class='avia_textblock  av_inherit_color '  style='color:#ffffff; '  itemprop=\"text\" ><p>..<\/p>\n<\/div><\/section>\n<div  style=' margin-top:30px; margin-bottom:30px;'  class='hr hr-custom hr-center hr-icon-yes   avia-builder-el-6  el_after_av_textblock  el_before_av_layout_row  avia-builder-el-last '><span class='hr-inner  inner-border-av-border-thin' style=' width:180px; border-color:#565656; max-width:45%;' ><span class='hr-inner-style'><\/span><\/span><span class='av-seperator-icon'  aria-hidden='true' data-av_icon='\uf257' data-av_iconfont='light_'><\/span><span class='hr-inner  inner-border-av-border-thin' style=' width:180px; border-color:#565656; max-width:45%;' ><span class='hr-inner-style'><\/span><\/span><\/div>\n<\/div><\/div><\/div><!-- close content main div --><\/div><\/div><div id='av-layout-grid-1'  class='av-layout-grid-container entry-content-wrapper main_color av-flex-cells     avia-builder-el-7  el_after_av_hr  el_before_av_layout_row  submenu-not-first container_wrap fullsize' style=' '  >\n<div class=\"flex_cell no_margin av_one_half  avia-builder-el-8  el_before_av_cell_one_half  avia-builder-el-first   av-zero-padding \"  style='vertical-align:top; padding:0px; ' ><div class='flex_cell_inner' ><div  class='avia-image-container  av-styling-no-styling    avia-builder-el-9  avia-builder-el-no-sibling  avia-align-center '  itemprop=\"image\" itemscope=\"itemscope\" itemtype=\"https:\/\/schema.org\/ImageObject\"  ><div class='avia-image-container-inner'><div class='avia-image-overlay-wrap'><img decoding=\"async\" class='wp-image-5892 avia-img-lazy-loading-not-5892 avia_image' src=\"https:\/\/www.gerryeder.at\/gerryeder\/2017\/wordpress\/wp-content\/uploads\/2025\/12\/Collier-onyx.png\" alt='' title='' height=\"1100\" width=\"1080\"  itemprop=\"thumbnailUrl\" srcset=\"https:\/\/www.gerryeder.at\/gerryeder\/2017\/wordpress\/wp-content\/uploads\/2025\/12\/Collier-onyx.png 1080w, https:\/\/www.gerryeder.at\/gerryeder\/2017\/wordpress\/wp-content\/uploads\/2025\/12\/Collier-onyx-295x300.png 295w, https:\/\/www.gerryeder.at\/gerryeder\/2017\/wordpress\/wp-content\/uploads\/2025\/12\/Collier-onyx-1011x1030.png 1011w, https:\/\/www.gerryeder.at\/gerryeder\/2017\/wordpress\/wp-content\/uploads\/2025\/12\/Collier-onyx-80x80.png 80w, https:\/\/www.gerryeder.at\/gerryeder\/2017\/wordpress\/wp-content\/uploads\/2025\/12\/Collier-onyx-768x782.png 768w, https:\/\/www.gerryeder.at\/gerryeder\/2017\/wordpress\/wp-content\/uploads\/2025\/12\/Collier-onyx-36x36.png 36w, https:\/\/www.gerryeder.at\/gerryeder\/2017\/wordpress\/wp-content\/uploads\/2025\/12\/Collier-onyx-692x705.png 692w\" sizes=\"(max-width: 1080px) 100vw, 1080px\" \/><\/div><\/div><\/div>\n<\/div><\/div><div class=\"flex_cell no_margin av_one_half  avia-builder-el-10  el_after_av_cell_one_half  avia-builder-el-last   \"  style='vertical-align:middle; padding:20px 30px 20px 30px ; background-color:#fcfcfc; ' ><div class='flex_cell_inner' ><div class=\"flex_column av_one_full  no_margin flex_column_div first  avia-builder-el-11  avia-builder-el-no-sibling  \" style='padding:30px; background-color:#fcfcfc; border-radius:0px; '><p><div  style='padding-bottom:10px; color:#515151;' class='av-special-heading av-special-heading-h3 custom-color-heading blockquote classic-quote  avia-builder-el-12  el_before_av_textblock  avia-builder-el-first  '><h3 class='av-special-heading-tag '  itemprop=\"headline\"  >Trachtenschmuck<\/h3><div class='special-heading-border'><div class='special-heading-inner-border' style='border-color:#515151'><\/div><\/div><\/div><br \/>\n<section class=\"av_textblock_section \"  itemscope=\"itemscope\" itemtype=\"https:\/\/schema.org\/CreativeWork\" ><div class='avia_textblock  av_inherit_color '  style='font-size:16px; color:#515151; '  itemprop=\"text\" ><p style=\"text-align: center;\">&#8230; der Generationen verbindet und die Liebe zur Tradition ausdr\u00fcckt.<\/p>\n<p style=\"text-align: center;\">Vom verspielten Schmuck f\u00fcr das Dirndl \u00fcber das stattliche Charivari bis hin zu meisterhaft gefassten Grandeln und Hirschhorn-Unikaten: Wir fertigen Schmuckst\u00fccke aus Gold und Silber, die authentisches Handwerk und bleibende Werte verk\u00f6rpern.<\/p>\n<\/div><\/section><br \/>\n<div  class='avia-button-wrap avia-button-center  avia-builder-el-14  el_after_av_textblock  avia-builder-el-last ' ><a href='https:\/\/www.gerryeder.at\/gerryeder\/2017\/wordpress\/gerry-eder-tradition\/'  class='avia-button  avia-color-dark   avia-icon_select-no avia-size-small avia-position-center '   ><span class='avia_iconbox_title' >Impressionen<\/span><\/a><\/div><\/p><\/div>\n<\/div><\/div>\n<\/div>\n<div id='av-layout-grid-2'  class='av-layout-grid-container entry-content-wrapper main_color av-flex-cells     avia-builder-el-15  el_after_av_layout_row  el_before_av_layout_row  submenu-not-first container_wrap fullsize' style=' '  >\n<div class=\"flex_cell no_margin av_one_half  avia-builder-el-16  el_before_av_cell_one_half  avia-builder-el-first   \"  style='vertical-align:middle; padding:40px 30px 20px 30px ; background-color:#fcfcfc; ' ><div class='flex_cell_inner' ><div class=\"flex_column av_one_full  no_margin flex_column_div first  avia-builder-el-17  avia-builder-el-no-sibling  \" style='padding:30px; background-color:#fcfcfc; border-radius:0px; '><p><div  style='padding-bottom:10px; color:#515151;' class='av-special-heading av-special-heading-h3 custom-color-heading blockquote classic-quote  avia-builder-el-18  el_before_av_textblock  avia-builder-el-first  '><h3 class='av-special-heading-tag '  itemprop=\"headline\"  >Lifestyle<\/h3><div class='special-heading-border'><div class='special-heading-inner-border' style='border-color:#515151'><\/div><\/div><\/div><br \/>\n<section class=\"av_textblock_section \"  itemscope=\"itemscope\" itemtype=\"https:\/\/schema.org\/CreativeWork\" ><div class='avia_textblock  av_inherit_color '  style='font-size:16px; color:#515151; '  itemprop=\"text\" ><p style=\"text-align: center;\">&#8230; unterstreicht Ihre Pers\u00f6nlichkeit und setzt klare Akzente.<\/p>\n<p style=\"text-align: center;\">Wir verbinden internationale Trends mit der vertrauten Qualit\u00e4t unseres Hauses. Das Ergebnis sind Schmuckst\u00fccke die nicht nur gl\u00e4nzen, sondern begeistern.<\/p>\n<\/div><\/section><br \/>\n<section class=\"av_textblock_section \"  itemscope=\"itemscope\" itemtype=\"https:\/\/schema.org\/CreativeWork\" ><div class='avia_textblock  av_inherit_color '  style='color:#e5e5e5; '  itemprop=\"text\" ><p>.<\/p>\n<\/div><\/section><br \/>\n<div  class='avia-button-wrap avia-button-center  avia-builder-el-21  el_after_av_textblock  avia-builder-el-last ' ><a href='https:\/\/www.gerryeder.at\/gerryeder\/2017\/wordpress\/gerry-eder-lifestyle\/'  class='avia-button  avia-color-dark   avia-icon_select-no avia-size-small avia-position-center '   ><span class='avia_iconbox_title' >Impressionen<\/span><\/a><\/div><\/p><\/div>\n<\/div><\/div><div class=\"flex_cell no_margin av_one_half  avia-builder-el-22  el_after_av_cell_one_half  avia-builder-el-last   av-zero-padding \"  style='vertical-align:top; padding:0px; background-color:#ffffff; ' ><div class='flex_cell_inner' ><div  class='avia-image-container  av-styling-no-styling    avia-builder-el-23  avia-builder-el-no-sibling  avia-align-center '  itemprop=\"image\" itemscope=\"itemscope\" itemtype=\"https:\/\/schema.org\/ImageObject\"  ><div class='avia-image-container-inner'><div class='avia-image-overlay-wrap'><img decoding=\"async\" class='wp-image-5894 avia-img-lazy-loading-not-5894 avia_image' src=\"https:\/\/www.gerryeder.at\/gerryeder\/2017\/wordpress\/wp-content\/uploads\/2025\/12\/Collier-Perle.jpg\" alt='' title='' height=\"2048\" width=\"2048\"  itemprop=\"thumbnailUrl\" srcset=\"https:\/\/www.gerryeder.at\/gerryeder\/2017\/wordpress\/wp-content\/uploads\/2025\/12\/Collier-Perle.jpg 2048w, https:\/\/www.gerryeder.at\/gerryeder\/2017\/wordpress\/wp-content\/uploads\/2025\/12\/Collier-Perle-300x300.jpg 300w, https:\/\/www.gerryeder.at\/gerryeder\/2017\/wordpress\/wp-content\/uploads\/2025\/12\/Collier-Perle-1030x1030.jpg 1030w, https:\/\/www.gerryeder.at\/gerryeder\/2017\/wordpress\/wp-content\/uploads\/2025\/12\/Collier-Perle-80x80.jpg 80w, https:\/\/www.gerryeder.at\/gerryeder\/2017\/wordpress\/wp-content\/uploads\/2025\/12\/Collier-Perle-768x768.jpg 768w, https:\/\/www.gerryeder.at\/gerryeder\/2017\/wordpress\/wp-content\/uploads\/2025\/12\/Collier-Perle-1536x1536.jpg 1536w, https:\/\/www.gerryeder.at\/gerryeder\/2017\/wordpress\/wp-content\/uploads\/2025\/12\/Collier-Perle-36x36.jpg 36w, https:\/\/www.gerryeder.at\/gerryeder\/2017\/wordpress\/wp-content\/uploads\/2025\/12\/Collier-Perle-180x180.jpg 180w, https:\/\/www.gerryeder.at\/gerryeder\/2017\/wordpress\/wp-content\/uploads\/2025\/12\/Collier-Perle-1500x1500.jpg 1500w, https:\/\/www.gerryeder.at\/gerryeder\/2017\/wordpress\/wp-content\/uploads\/2025\/12\/Collier-Perle-705x705.jpg 705w\" sizes=\"(max-width: 2048px) 100vw, 2048px\" \/><\/div><\/div><\/div>\n<\/div><\/div>\n<\/div>\n<div id='av-layout-grid-3'  class='av-layout-grid-container entry-content-wrapper main_color av-flex-cells     avia-builder-el-24  el_after_av_layout_row  el_before_av_layout_row  submenu-not-first container_wrap fullsize' style=' '  >\n<div class=\"flex_cell no_margin av_one_half  avia-builder-el-25  el_before_av_cell_one_half  avia-builder-el-first   av-zero-padding \"  style='vertical-align:top; padding:0px; ' ><div class='flex_cell_inner' ><div  class='avia-image-container  av-styling-no-styling    avia-builder-el-26  avia-builder-el-no-sibling  avia-align-center '  itemprop=\"image\" itemscope=\"itemscope\" itemtype=\"https:\/\/schema.org\/ImageObject\"  ><div class='avia-image-container-inner'><div class='avia-image-overlay-wrap'><img decoding=\"async\" class='wp-image-5890 avia-img-lazy-loading-not-5890 avia_image' src=\"https:\/\/www.gerryeder.at\/gerryeder\/2017\/wordpress\/wp-content\/uploads\/2025\/12\/Boutons.png\" alt='' title='' height=\"3114\" width=\"2748\"  itemprop=\"thumbnailUrl\" srcset=\"https:\/\/www.gerryeder.at\/gerryeder\/2017\/wordpress\/wp-content\/uploads\/2025\/12\/Boutons.png 2748w, https:\/\/www.gerryeder.at\/gerryeder\/2017\/wordpress\/wp-content\/uploads\/2025\/12\/Boutons-265x300.png 265w, https:\/\/www.gerryeder.at\/gerryeder\/2017\/wordpress\/wp-content\/uploads\/2025\/12\/Boutons-909x1030.png 909w, https:\/\/www.gerryeder.at\/gerryeder\/2017\/wordpress\/wp-content\/uploads\/2025\/12\/Boutons-768x870.png 768w, https:\/\/www.gerryeder.at\/gerryeder\/2017\/wordpress\/wp-content\/uploads\/2025\/12\/Boutons-1355x1536.png 1355w, https:\/\/www.gerryeder.at\/gerryeder\/2017\/wordpress\/wp-content\/uploads\/2025\/12\/Boutons-1807x2048.png 1807w, https:\/\/www.gerryeder.at\/gerryeder\/2017\/wordpress\/wp-content\/uploads\/2025\/12\/Boutons-1324x1500.png 1324w, https:\/\/www.gerryeder.at\/gerryeder\/2017\/wordpress\/wp-content\/uploads\/2025\/12\/Boutons-622x705.png 622w\" sizes=\"(max-width: 2748px) 100vw, 2748px\" \/><\/div><\/div><\/div>\n<\/div><\/div><div class=\"flex_cell no_margin av_one_half  avia-builder-el-27  el_after_av_cell_one_half  avia-builder-el-last   \"  style='vertical-align:middle; padding:20px 30px 20px 30px ; background-color:#fcfcfc; ' ><div class='flex_cell_inner' ><div class=\"flex_column av_one_full  no_margin flex_column_div first  avia-builder-el-28  avia-builder-el-no-sibling  \" style='padding:30px; background-color:#fcfcfc; border-radius:0px; '><p><div  style='padding-bottom:10px; color:#515151;' class='av-special-heading av-special-heading-h3 custom-color-heading blockquote classic-quote  avia-builder-el-29  el_before_av_textblock  avia-builder-el-first  '><h3 class='av-special-heading-tag '  itemprop=\"headline\"  >Basics<\/h3><div class='special-heading-border'><div class='special-heading-inner-border' style='border-color:#515151'><\/div><\/div><\/div><br \/>\n<section class=\"av_textblock_section \"  itemscope=\"itemscope\" itemtype=\"https:\/\/schema.org\/CreativeWork\" ><div class='avia_textblock  av_inherit_color '  style='font-size:16px; color:#515151; '  itemprop=\"text\" ><p style=\"text-align: center;\">&#8230; sind das Fundament f\u00fcr ihren Stil.<\/p>\n<p style=\"text-align: center;\">Ob klassische Ohrringe, Symbole mit Bedeutung oder zeitlose Ketten: Unsere Basics geh\u00f6ren nicht in die Schublade, sondern an die Haut. Jeden Tag.<\/p>\n<\/div><\/section><br \/>\n<section class=\"av_textblock_section \"  itemscope=\"itemscope\" itemtype=\"https:\/\/schema.org\/CreativeWork\" ><div class='avia_textblock  av_inherit_color '  style='color:#e5e5e5; '  itemprop=\"text\" ><p>.<\/p>\n<\/div><\/section><br \/>\n<div  class='avia-button-wrap avia-button-center  avia-builder-el-32  el_after_av_textblock  avia-builder-el-last ' ><a href='https:\/\/www.gerryeder.at\/gerryeder\/2017\/wordpress\/gerry-eder-schmuckdesign\/'  class='avia-button  avia-color-dark   avia-icon_select-no avia-size-small avia-position-center '   ><span class='avia_iconbox_title' >Impressionen<\/span><\/a><\/div><\/p><\/div>\n<\/div><\/div>\n<\/div>\n<div id='av-layout-grid-4'  class='av-layout-grid-container entry-content-wrapper main_color av-flex-cells     avia-builder-el-33  el_after_av_layout_row  avia-builder-el-last  submenu-not-first container_wrap fullsize' style=' '  >\n<div class=\"flex_cell no_margin av_one_half  avia-builder-el-34  el_before_av_cell_one_half  avia-builder-el-first   \"  style='vertical-align:middle; padding:40px 30px 20px 30px ; background-color:#fcfcfc; ' ><div class='flex_cell_inner' ><div class=\"flex_column av_one_full  no_margin flex_column_div first  avia-builder-el-35  avia-builder-el-no-sibling  \" style='padding:30px; background-color:#fcfcfc; border-radius:0px; '><p><div  style='padding-bottom:10px; color:#515151;' class='av-special-heading av-special-heading-h3 custom-color-heading blockquote classic-quote  avia-builder-el-36  el_before_av_textblock  avia-builder-el-first  '><h3 class='av-special-heading-tag '  itemprop=\"headline\"  >Werkstatt<\/h3><div class='special-heading-border'><div class='special-heading-inner-border' style='border-color:#515151'><\/div><\/div><\/div><br \/>\n<section class=\"av_textblock_section \"  itemscope=\"itemscope\" itemtype=\"https:\/\/schema.org\/CreativeWork\" ><div class='avia_textblock  av_inherit_color '  style='font-size:16px; color:#515151; '  itemprop=\"text\" ><p style=\"text-align: center;\">Schmuck ist f\u00fcr uns ein ewiger Kreislauf.<\/p>\n<p style=\"text-align: center;\">In unserer hauseigenen Goldschmiede widmen wir uns daher nicht nur der Sch\u00f6pfung neuer Unikate. Mit gleicher Hingabe pflegen wir Ihre Erbst\u00fccke. Denn zur wahren Handwerkskunst geh\u00f6rt es auch, Wertvolles und Bestehendes zu bewahren<\/p>\n<\/div><\/section><br \/>\n<div  class='avia-button-wrap avia-button-center  avia-builder-el-38  el_after_av_textblock  avia-builder-el-last ' ><a href='https:\/\/www.gerryeder.at\/gerryeder\/2017\/wordpress\/gerry-eder-service-reparatur\/'  class='avia-button  avia-color-dark   avia-icon_select-no avia-size-small avia-position-center '   ><span class='avia_iconbox_title' >Mehr <\/span><\/a><\/div><\/p><\/div>\n<\/div><\/div><div class=\"flex_cell no_margin av_one_half  avia-builder-el-39  el_after_av_cell_one_half  avia-builder-el-last   av-zero-padding \"  style='vertical-align:top; padding:0px; background-color:#ffffff; ' ><div class='flex_cell_inner' ><div  class='avia-image-container  av-styling-no-styling    avia-builder-el-40  avia-builder-el-no-sibling  avia-align-center '  itemprop=\"image\" itemscope=\"itemscope\" itemtype=\"https:\/\/schema.org\/ImageObject\"  ><div class='avia-image-container-inner'><div class='avia-image-overlay-wrap'><img decoding=\"async\" class='wp-image-5961 avia-img-lazy-loading-not-5961 avia_image' src=\"https:\/\/www.gerryeder.at\/gerryeder\/2017\/wordpress\/wp-content\/uploads\/2025\/12\/nahaufnahme-1.png\" alt='' title='' height=\"1907\" width=\"1374\"  itemprop=\"thumbnailUrl\" srcset=\"https:\/\/www.gerryeder.at\/gerryeder\/2017\/wordpress\/wp-content\/uploads\/2025\/12\/nahaufnahme-1.png 1374w, https:\/\/www.gerryeder.at\/gerryeder\/2017\/wordpress\/wp-content\/uploads\/2025\/12\/nahaufnahme-1-216x300.png 216w, https:\/\/www.gerryeder.at\/gerryeder\/2017\/wordpress\/wp-content\/uploads\/2025\/12\/nahaufnahme-1-742x1030.png 742w, https:\/\/www.gerryeder.at\/gerryeder\/2017\/wordpress\/wp-content\/uploads\/2025\/12\/nahaufnahme-1-768x1066.png 768w, https:\/\/www.gerryeder.at\/gerryeder\/2017\/wordpress\/wp-content\/uploads\/2025\/12\/nahaufnahme-1-1107x1536.png 1107w, https:\/\/www.gerryeder.at\/gerryeder\/2017\/wordpress\/wp-content\/uploads\/2025\/12\/nahaufnahme-1-1081x1500.png 1081w, https:\/\/www.gerryeder.at\/gerryeder\/2017\/wordpress\/wp-content\/uploads\/2025\/12\/nahaufnahme-1-508x705.png 508w\" sizes=\"(max-width: 1374px) 100vw, 1374px\" \/><\/div><\/div><\/div>\n<\/div><\/div>\n<\/div>\n","protected":false},"excerpt":{"rendered":"","protected":false},"author":1,"featured_media":0,"parent":0,"menu_order":0,"comment_status":"closed","ping_status":"closed","template":"","meta":{"footnotes":""},"_links":{"self":[{"href":"https:\/\/www.gerryeder.at\/gerryeder\/2017\/wordpress\/wp-json\/wp\/v2\/pages\/3284"}],"collection":[{"href":"https:\/\/www.gerryeder.at\/gerryeder\/2017\/wordpress\/wp-json\/wp\/v2\/pages"}],"about":[{"href":"https:\/\/www.gerryeder.at\/gerryeder\/2017\/wordpress\/wp-json\/wp\/v2\/types\/page"}],"author":[{"embeddable":true,"href":"https:\/\/www.gerryeder.at\/gerryeder\/2017\/wordpress\/wp-json\/wp\/v2\/users\/1"}],"replies":[{"embeddable":true,"href":"https:\/\/www.gerryeder.at\/gerryeder\/2017\/wordpress\/wp-json\/wp\/v2\/comments?post=3284"}],"version-history":[{"count":327,"href":"https:\/\/www.gerryeder.at\/gerryeder\/2017\/wordpress\/wp-json\/wp\/v2\/pages\/3284\/revisions"}],"predecessor-version":[{"id":6129,"href":"https:\/\/www.gerryeder.at\/gerryeder\/2017\/wordpress\/wp-json\/wp\/v2\/pages\/3284\/revisions\/6129"}],"wp:attachment":[{"href":"https:\/\/www.gerryeder.at\/gerryeder\/2017\/wordpress\/wp-json\/wp\/v2\/media?parent=3284"}],"curies":[{"name":"wp","href":"https:\/\/api.w.org\/{rel}","templated":true}]}}