{"id":3344,"date":"2017-01-09T09:37:20","date_gmt":"2017-01-09T08:37:20","guid":{"rendered":"http:\/\/www.gerryeder.at\/gerryeder\/2017\/wordpress\/?page_id=3344"},"modified":"2025-12-14T11:39:49","modified_gmt":"2025-12-14T10:39:49","slug":"gerry-eder-ueber-uns","status":"publish","type":"page","link":"https:\/\/www.gerryeder.at\/gerryeder\/2017\/wordpress\/gerry-eder-ueber-uns\/","title":{"rendered":"Gerry Eder | \u00dcber uns"},"content":{"rendered":"<div id='full_slider_1'  class='avia-fullwidth-slider main_color avia-shadow   avia-builder-el-0  el_before_av_one_full  avia-builder-el-first   container_wrap fullsize' style=' '  ><div   data-size='featured'  data-lightbox_size='large'  data-animation='fade'  data-conditional_play=''  data-ids='4249'  data-video_counter='0'  data-autoplay='false'  data-bg_slider='false'  data-slide_height=''  data-handle='av_slideshow_full'  data-interval='5'  data-class=' '  data-el_id=''  data-css_id=''  data-scroll_down=''  data-control_layout='av-control-default'  data-custom_markup=''  data-perma_caption='aviaTBperma_caption'  data-autoplay_stopper=''  data-image_attachment=''  data-min_height='0px'  data-lazy_loading='disabled'  data-src=''  data-position='top left'  data-repeat='no-repeat'  data-attach='scroll'  data-stretch=''  data-default-height='28.666666666667'  class='avia-slideshow avia-slideshow-1  av-control-default av-default-height-applied avia-slideshow-featured av_slideshow_full   avia-fade-slider '  itemprop=\"image\" itemscope=\"itemscope\" itemtype=\"https:\/\/schema.org\/ImageObject\" ><ul class='avia-slideshow-inner ' style='padding-bottom: 28.666666666667%;' ><\/ul><\/div><\/div><div id='after_full_slider_1'  class='main_color av_default_container_wrap container_wrap fullsize' style=' '  ><div class='container' ><div class='template-page content  av-content-full alpha units'><div class='post-entry post-entry-type-page post-entry-3344'><div class='entry-content-wrapper clearfix'>\n<div class=\"flex_column av_one_full  no_margin flex_column_div av-zero-column-padding first  avia-builder-el-1  el_after_av_slideshow_full  el_before_av_one_full  avia-builder-el-first  \" style='background-color:#ffffff; border-radius:0px; '><section class=\"av_textblock_section \"  itemscope=\"itemscope\" itemtype=\"https:\/\/schema.org\/CreativeWork\" ><div class='avia_textblock  av_inherit_color '  style='color:#ffffff; '  itemprop=\"text\" ><p>..<\/p>\n<\/div><\/section><\/div>\n<div class=\"flex_column av_one_full  flex_column_div av-zero-column-padding first  avia-builder-el-3  el_after_av_one_full  el_before_av_one_full  column-top-margin\" style='border-radius:0px; '><div  style='padding-bottom:10px; color:#515151;font-size:30px;' class='av-special-heading av-special-heading-h3 custom-color-heading blockquote classic-quote  avia-builder-el-4  avia-builder-el-no-sibling  av-inherit-size '><h3 class='av-special-heading-tag '  itemprop=\"headline\"  >Design trifft Handwerk. Wo Erfahrung Zukunft formt.<\/h3><div class='special-heading-border'><div class='special-heading-inner-border' style='border-color:#515151'><\/div><\/div><\/div><\/div>\n<div class=\"flex_column av_one_full  no_margin flex_column_div av-zero-column-padding first  avia-builder-el-5  el_after_av_one_full  el_before_av_hr  column-top-margin\" style='background-color:#ffffff; border-radius:0px; '><section class=\"av_textblock_section \"  itemscope=\"itemscope\" itemtype=\"https:\/\/schema.org\/CreativeWork\" ><div class='avia_textblock  av_inherit_color '  style='color:#ffffff; '  itemprop=\"text\" ><p>..<\/p>\n<\/div><\/section><\/div>\n<div  style=' margin-top:30px; margin-bottom:30px;'  class='hr hr-custom hr-center hr-icon-yes   avia-builder-el-7  el_after_av_one_full  el_before_av_layout_row  avia-builder-el-last '><span class='hr-inner  inner-border-av-border-thin' style=' width:90px; border-color:#565656; max-width:45%;' ><span class='hr-inner-style'><\/span><\/span><span class='av-seperator-icon'  aria-hidden='true' data-av_icon='\uf257' data-av_iconfont='light_'><\/span><span class='hr-inner  inner-border-av-border-thin' style=' width:90px; border-color:#565656; max-width:45%;' ><span class='hr-inner-style'><\/span><\/span><\/div>\n<\/div><\/div><\/div><!-- close content main div --><\/div><\/div><div id='av-layout-grid-1'  class='av-layout-grid-container entry-content-wrapper main_color av-flex-cells     avia-builder-el-8  el_after_av_hr  el_before_av_layout_row  submenu-not-first container_wrap fullsize' style=' '  >\n<div class=\"flex_cell no_margin av_one_half  avia-builder-el-9  el_before_av_cell_one_half  avia-builder-el-first   \"  style='vertical-align:middle; padding:40px 30px 20px 30px ; ' ><div class='flex_cell_inner' ><div class=\"flex_column av_one_full  no_margin flex_column_div first  avia-builder-el-10  avia-builder-el-no-sibling  \" style='padding:30px; background-color:#ffffff; border-radius:0px; '><p><div  style='padding-bottom:10px; color:#515151;font-size:24px;' class='av-special-heading av-special-heading-h3 custom-color-heading blockquote classic-quote  avia-builder-el-11  el_before_av_textblock  avia-builder-el-first  av-inherit-size '><h3 class='av-special-heading-tag '  itemprop=\"headline\"  >Leidenschaft \u00fcber Generationen<\/h3><div class='special-heading-border'><div class='special-heading-inner-border' style='border-color:#515151'><\/div><\/div><\/div><br \/>\n<section class=\"av_textblock_section \"  itemscope=\"itemscope\" itemtype=\"https:\/\/schema.org\/CreativeWork\" ><div class='avia_textblock  av_inherit_color '  style='font-size:16px; color:#515151; '  itemprop=\"text\" ><p class=\"p1\" style=\"text-align: center;\">Was 1976 mit dem Mut und der Vision von Herbert und Milena Eder in Wels begann, ist heute eine feste Gr\u00f6\u00dfe in der Schmuckwelt. Aus der urspr\u00fcnglichen Leidenschaft f\u00fcr handwerkliche Pr\u00e4zision und den ersten Kollektionen f\u00fcr Jagd- und Trachtenschmuck ist eine Marke gewachsen, die Tradition und Zeitgeist harmonisch vereint.<\/p>\n<p class=\"p1\" style=\"text-align: center;\">Heute f\u00fchren Gerald Eder und Gerald Dopona das Familienunternehmen in zweiter Generation. Unser Anspruch ist klar definiert: Wir kennen unsere Wurzeln, doch unser Blick ist fest nach vorne gerichtet.<\/p>\n<\/div><\/section><\/p><\/div>\n<\/div><\/div><div class=\"flex_cell no_margin av_one_half  avia-builder-el-13  el_after_av_cell_one_half  avia-builder-el-last   av-zero-padding \"  style='vertical-align:top; padding:0px; background-color:#ffffff; ' ><div class='flex_cell_inner' ><p><div class=\"flex_column av_one_full  no_margin flex_column_div av-zero-column-padding first  avia-builder-el-14  el_before_av_image  avia-builder-el-first  \" style='background-color:#ffffff; border-radius:0px; '><section class=\"av_textblock_section \"  itemscope=\"itemscope\" itemtype=\"https:\/\/schema.org\/CreativeWork\" ><div class='avia_textblock  av_inherit_color '  style='color:#ffffff; '  itemprop=\"text\" ><p>..<\/p>\n<\/div><\/section><\/div><div  class='avia-image-container  av-styling-no-styling    avia-builder-el-16  el_after_av_one_full  avia-builder-el-last  avia-align-center '  itemprop=\"image\" itemscope=\"itemscope\" itemtype=\"https:\/\/schema.org\/ImageObject\"  ><div class='avia-image-container-inner'><div class='avia-image-overlay-wrap'><img decoding=\"async\" class='wp-image-4256 avia-img-lazy-loading-not-4256 avia_image' src=\"https:\/\/www.gerryeder.at\/gerryeder\/2017\/wordpress\/wp-content\/uploads\/2017\/01\/ERSI_2017-9638-3.jpg\" alt='' title='ERSI_2017-9638-3' height=\"800\" width=\"1200\"  itemprop=\"thumbnailUrl\" srcset=\"https:\/\/www.gerryeder.at\/gerryeder\/2017\/wordpress\/wp-content\/uploads\/2017\/01\/ERSI_2017-9638-3.jpg 1200w, https:\/\/www.gerryeder.at\/gerryeder\/2017\/wordpress\/wp-content\/uploads\/2017\/01\/ERSI_2017-9638-3-300x200.jpg 300w, https:\/\/www.gerryeder.at\/gerryeder\/2017\/wordpress\/wp-content\/uploads\/2017\/01\/ERSI_2017-9638-3-768x512.jpg 768w, https:\/\/www.gerryeder.at\/gerryeder\/2017\/wordpress\/wp-content\/uploads\/2017\/01\/ERSI_2017-9638-3-1030x687.jpg 1030w, https:\/\/www.gerryeder.at\/gerryeder\/2017\/wordpress\/wp-content\/uploads\/2017\/01\/ERSI_2017-9638-3-705x470.jpg 705w, https:\/\/www.gerryeder.at\/gerryeder\/2017\/wordpress\/wp-content\/uploads\/2017\/01\/ERSI_2017-9638-3-450x300.jpg 450w\" sizes=\"(max-width: 1200px) 100vw, 1200px\" \/><\/div><\/div><\/div><\/p>\n<\/div><\/div>\n<\/div>\n<div id='av-layout-grid-2'  class='av-layout-grid-container entry-content-wrapper main_color av-flex-cells     avia-builder-el-17  el_after_av_layout_row  avia-builder-el-last  submenu-not-first container_wrap fullsize' style=' '  >\n<div class=\"flex_cell no_margin av_one_half  avia-builder-el-18  el_before_av_cell_one_half  avia-builder-el-first   av-zero-padding \"  style='vertical-align:top; padding:0px; ' ><div class='flex_cell_inner' ><div  class='avia-image-container  av-styling-no-styling    avia-builder-el-19  avia-builder-el-no-sibling  avia-align-center '  itemprop=\"image\" itemscope=\"itemscope\" itemtype=\"https:\/\/schema.org\/ImageObject\"  ><div class='avia-image-container-inner'><div class='avia-image-overlay-wrap'><img decoding=\"async\" class='wp-image-4276 avia-img-lazy-loading-not-4276 avia_image' src=\"https:\/\/www.gerryeder.at\/gerryeder\/2017\/wordpress\/wp-content\/uploads\/2017\/01\/01_ASW-LINZ___E.Sinzinger__-4.jpg\" alt='' title='' height=\"800\" width=\"1200\"  itemprop=\"thumbnailUrl\" srcset=\"https:\/\/www.gerryeder.at\/gerryeder\/2017\/wordpress\/wp-content\/uploads\/2017\/01\/01_ASW-LINZ___E.Sinzinger__-4.jpg 1200w, https:\/\/www.gerryeder.at\/gerryeder\/2017\/wordpress\/wp-content\/uploads\/2017\/01\/01_ASW-LINZ___E.Sinzinger__-4-300x200.jpg 300w, https:\/\/www.gerryeder.at\/gerryeder\/2017\/wordpress\/wp-content\/uploads\/2017\/01\/01_ASW-LINZ___E.Sinzinger__-4-768x512.jpg 768w, https:\/\/www.gerryeder.at\/gerryeder\/2017\/wordpress\/wp-content\/uploads\/2017\/01\/01_ASW-LINZ___E.Sinzinger__-4-1030x687.jpg 1030w, https:\/\/www.gerryeder.at\/gerryeder\/2017\/wordpress\/wp-content\/uploads\/2017\/01\/01_ASW-LINZ___E.Sinzinger__-4-705x470.jpg 705w, https:\/\/www.gerryeder.at\/gerryeder\/2017\/wordpress\/wp-content\/uploads\/2017\/01\/01_ASW-LINZ___E.Sinzinger__-4-450x300.jpg 450w\" sizes=\"(max-width: 1200px) 100vw, 1200px\" \/><\/div><\/div><\/div>\n<\/div><\/div><div class=\"flex_cell no_margin av_one_half  avia-builder-el-20  el_after_av_cell_one_half  avia-builder-el-last   \"  style='vertical-align:middle; padding:20px 30px 20px 30px ; background-color:#ffffff; ' ><div class='flex_cell_inner' ><div class=\"flex_column av_one_full  no_margin flex_column_div first  avia-builder-el-21  avia-builder-el-no-sibling  \" style='padding:30px; background-color:#ffffff; border-radius:0px; '><p><div  style='padding-bottom:10px; color:#515151;font-size:24px;' class='av-special-heading av-special-heading-h3 custom-color-heading blockquote classic-quote  avia-builder-el-22  el_before_av_textblock  avia-builder-el-first  av-inherit-size '><h3 class='av-special-heading-tag '  itemprop=\"headline\"  >Das Herzst\u00fcck&#8230; unsere Werkstatt!<\/h3><div class='special-heading-border'><div class='special-heading-inner-border' style='border-color:#515151'><\/div><\/div><\/div><br \/>\n<section class=\"av_textblock_section \"  itemscope=\"itemscope\" itemtype=\"https:\/\/schema.org\/CreativeWork\" ><div class='avia_textblock  av_inherit_color '  style='font-size:16px; color:#515151; '  itemprop=\"text\" ><p style=\"text-align: center;\">Neben der Anfertigung individueller Unikate widmen wir uns dort mit gleicher Leidenschaft der Reparatur und Pflege Ihrer Schmuckst\u00fccke. Wir sind ein Familienunternehmen aus \u00dcberzeugung: F\u00fcr uns endet der Service nicht beim Verkauf, sondern markiert den Beginn einer echten Partnerschaft.<\/p>\n<\/div><\/section><\/p><\/div>\n<\/div><\/div>\n<\/div>\n","protected":false},"excerpt":{"rendered":"","protected":false},"author":1,"featured_media":0,"parent":0,"menu_order":0,"comment_status":"closed","ping_status":"closed","template":"","meta":{"footnotes":""},"_links":{"self":[{"href":"https:\/\/www.gerryeder.at\/gerryeder\/2017\/wordpress\/wp-json\/wp\/v2\/pages\/3344"}],"collection":[{"href":"https:\/\/www.gerryeder.at\/gerryeder\/2017\/wordpress\/wp-json\/wp\/v2\/pages"}],"about":[{"href":"https:\/\/www.gerryeder.at\/gerryeder\/2017\/wordpress\/wp-json\/wp\/v2\/types\/page"}],"author":[{"embeddable":true,"href":"https:\/\/www.gerryeder.at\/gerryeder\/2017\/wordpress\/wp-json\/wp\/v2\/users\/1"}],"replies":[{"embeddable":true,"href":"https:\/\/www.gerryeder.at\/gerryeder\/2017\/wordpress\/wp-json\/wp\/v2\/comments?post=3344"}],"version-history":[{"count":51,"href":"https:\/\/www.gerryeder.at\/gerryeder\/2017\/wordpress\/wp-json\/wp\/v2\/pages\/3344\/revisions"}],"predecessor-version":[{"id":5948,"href":"https:\/\/www.gerryeder.at\/gerryeder\/2017\/wordpress\/wp-json\/wp\/v2\/pages\/3344\/revisions\/5948"}],"wp:attachment":[{"href":"https:\/\/www.gerryeder.at\/gerryeder\/2017\/wordpress\/wp-json\/wp\/v2\/media?parent=3344"}],"curies":[{"name":"wp","href":"https:\/\/api.w.org\/{rel}","templated":true}]}}