{"id":3351,"date":"2017-01-09T09:38:30","date_gmt":"2017-01-09T08:38:30","guid":{"rendered":"http:\/\/www.gerryeder.at\/gerryeder\/2017\/wordpress\/?page_id=3351"},"modified":"2026-04-20T22:23:55","modified_gmt":"2026-04-20T20:23:55","slug":"gerry-eder-lifestyle","status":"publish","type":"page","link":"https:\/\/www.gerryeder.at\/gerryeder\/2017\/wordpress\/gerry-eder-lifestyle\/","title":{"rendered":"Gerry Eder | Lifestyle"},"content":{"rendered":"<div id='full_slider_1'  class='avia-fullwidth-slider main_color avia-shadow   avia-builder-el-0  el_before_av_one_full  avia-builder-el-first   container_wrap fullsize' style=' '  ><div   data-size='featured'  data-lightbox_size='large'  data-animation='fade'  data-conditional_play=''  data-ids='6143'  data-video_counter='0'  data-autoplay='false'  data-bg_slider='false'  data-slide_height=''  data-handle='av_slideshow_full'  data-interval='5'  data-class=' '  data-el_id=''  data-css_id=''  data-scroll_down=''  data-control_layout='av-control-default'  data-custom_markup=''  data-perma_caption='aviaTBperma_caption'  data-autoplay_stopper=''  data-image_attachment=''  data-min_height='0px'  data-lazy_loading='disabled'  data-src=''  data-position='top left'  data-repeat='no-repeat'  data-attach='scroll'  data-stretch=''  data-default-height='28.666666666667'  class='avia-slideshow avia-slideshow-1  av-control-default av-default-height-applied avia-slideshow-featured av_slideshow_full   avia-fade-slider '  itemprop=\"image\" itemscope=\"itemscope\" itemtype=\"https:\/\/schema.org\/ImageObject\" ><ul class='avia-slideshow-inner ' style='padding-bottom: 28.666666666667%;' ><li  class=' av-single-slide slide-1 ' ><div data-rel='slideshow-1' class='avia-slide-wrap '   ><img decoding=\"async\" class=\"wp-image-6143 avia-img-lazy-loading-not-6143\"  src=\"https:\/\/www.gerryeder.at\/gerryeder\/2017\/wordpress\/wp-content\/uploads\/2026\/04\/White-Grey-Modern-Fashion-Sale-Photo-Collage-Banner-2-2-1500x430.png\" width=\"1500\" height=\"430\" title='White Grey Modern Fashion Sale Photo Collage Banner (2)' alt=''  itemprop=\"thumbnailUrl\"   \/><\/div><\/li><\/ul><div class = \"caption_fullwidth av-slideshow-caption caption_left\"><div class = \"container caption_container\"><div class = \"slideshow_caption\"><div class = \"slideshow_inner_caption\"><div class = \"slideshow_align_caption\"><h2  style='color:#606060; ' class='avia-caption-title  '  itemprop=\"name\" >LIFESTYLE<\/h2><\/div><\/div><\/div><\/div><\/div><\/div><\/div><div id='after_full_slider_1'  class='main_color av_default_container_wrap container_wrap fullsize' style=' '  ><div class='container' ><div class='template-page content  av-content-full alpha units'><div class='post-entry post-entry-type-page post-entry-3351'><div class='entry-content-wrapper clearfix'>\n<div class=\"flex_column av_one_full  flex_column_div av-zero-column-padding first  avia-builder-el-1  el_after_av_slideshow_full  el_before_av_one_full  avia-builder-el-first  \" style='border-radius:0px; '><section class=\"av_textblock_section \"  itemscope=\"itemscope\" itemtype=\"https:\/\/schema.org\/CreativeWork\" ><div class='avia_textblock  av_inherit_color '  style='color:#ffffff; '  itemprop=\"text\" ><p>..<\/p>\n<\/div><\/section><\/div>\n<div class=\"flex_column av_one_full  flex_column_div av-zero-column-padding first  avia-builder-el-3  el_after_av_one_full  el_before_av_textblock  column-top-margin\" style='border-radius:0px; '><div  style='padding-bottom:10px; color:#515151;font-size:30px;' class='av-special-heading av-special-heading-h3 custom-color-heading blockquote classic-quote  avia-builder-el-4  avia-builder-el-no-sibling  av-inherit-size '><h3 class='av-special-heading-tag '  itemprop=\"headline\"  >Ihr Stil. Ihre Wurzeln. Ihr Statement.<\/h3><div class='special-heading-border'><div class='special-heading-inner-border' style='border-color:#515151'><\/div><\/div><\/div><\/div>\n<section class=\"av_textblock_section \"  itemscope=\"itemscope\" itemtype=\"https:\/\/schema.org\/CreativeWork\" ><div class='avia_textblock  av_inherit_color '  style='color:#ffffff; '  itemprop=\"text\" ><p>.<\/p>\n<\/div><\/section>\n<section class=\"av_textblock_section \"  itemscope=\"itemscope\" itemtype=\"https:\/\/schema.org\/CreativeWork\" ><div class='avia_textblock  av_inherit_color '  style='color:#ffffff; '  itemprop=\"text\" ><p>.<\/p>\n<\/div><\/section>\n<section class=\"av_textblock_section \"  itemscope=\"itemscope\" itemtype=\"https:\/\/schema.org\/CreativeWork\" ><div class='avia_textblock  '   itemprop=\"text\" ><p style=\"text-align: center;\">F\u00fcr unseren Lifestyle-Bereich w\u00e4hlen wir nur St\u00fccke aus, die uns durch Design und Qualit\u00e4t \u00fcberzeugen. Wir bieten Ihnen eine stetig wechselnde Vielfalt an Schmuck, der aktuelle Trends aufgreift und jeden Look komplettiert. Lassen Sie sich inspirieren.<\/p>\n<\/div><\/section>\n<div id='av-masonry-1' class='av-masonry  noHover av-fixed-size av-large-gap av-hover-overlay- av-masonry-animation-active av-masonry-col-4 av-caption-always av-caption-style- av-masonry-gallery     ' style='background-color:#ede6dc; ' ><div class='av-masonry-container isotope av-js-disabled ' ><div class='av-masonry-entry isotope-item av-masonry-item-no-image '><\/div><a href=\"https:\/\/www.gerryeder.at\/gerryeder\/2017\/wordpress\/wp-content\/uploads\/2025\/12\/Ringe-Z-e1765654244600.jpg\"  aria-label=\"image image with no title\"  id='av-masonry-1-item-5897' data-av-masonry-item='5897' class='av-masonry-entry isotope-item post-5897 attachment type-attachment status-inherit hentry  av-masonry-item-with-image av-grid-img' title=\"\" alt=\"\"   itemprop=\"thumbnailUrl\" ><div class='av-inner-masonry-sizer'><\/div><figure class='av-inner-masonry main_color'><div class=\"av-masonry-outerimage-container\"><div class=\"av-masonry-image-container\" style=\"background-image: url(https:\/\/www.gerryeder.at\/gerryeder\/2017\/wordpress\/wp-content\/uploads\/2025\/12\/Ringe-Z-e1765654244600-705x629.jpg);\"><\/div><\/div><\/figure><\/a><!--end av-masonry entry--><a href=\"https:\/\/www.gerryeder.at\/gerryeder\/2017\/wordpress\/wp-content\/uploads\/2026\/04\/Photoroom_20260412_133002-748x1030.png\"  aria-label=\"image image with no title\"  id='av-masonry-1-item-6031' data-av-masonry-item='6031' class='av-masonry-entry isotope-item post-6031 attachment type-attachment status-inherit hentry  av-masonry-item-with-image av-grid-img' title=\"\" alt=\"\"   itemprop=\"thumbnailUrl\" ><div class='av-inner-masonry-sizer'><\/div><figure class='av-inner-masonry main_color'><div class=\"av-masonry-outerimage-container\"><div class=\"av-masonry-image-container\" style=\"background-image: url(https:\/\/www.gerryeder.at\/gerryeder\/2017\/wordpress\/wp-content\/uploads\/2026\/04\/Photoroom_20260412_133002-512x705.png);\"><\/div><\/div><\/figure><\/a><!--end av-masonry entry--><a href=\"https:\/\/www.gerryeder.at\/gerryeder\/2017\/wordpress\/wp-content\/uploads\/2026\/04\/7C35C00A-0B93-41C5-948C-6739BF8648BA-687x1030.png\"  aria-label=\"image image with no title\"  id='av-masonry-1-item-6041' data-av-masonry-item='6041' class='av-masonry-entry isotope-item post-6041 attachment type-attachment status-inherit hentry  av-masonry-item-with-image av-grid-img' title=\"\" alt=\"\"   itemprop=\"thumbnailUrl\" ><div class='av-inner-masonry-sizer'><\/div><figure class='av-inner-masonry main_color'><div class=\"av-masonry-outerimage-container\"><div class=\"av-masonry-image-container\" style=\"background-image: url(https:\/\/www.gerryeder.at\/gerryeder\/2017\/wordpress\/wp-content\/uploads\/2026\/04\/7C35C00A-0B93-41C5-948C-6739BF8648BA-470x705.png);\"><\/div><\/div><\/figure><\/a><!--end av-masonry entry--><a href=\"https:\/\/www.gerryeder.at\/gerryeder\/2017\/wordpress\/wp-content\/uploads\/2025\/12\/Creole-e1765654380573.jpg\"  aria-label=\"image image with no title\"  id='av-masonry-1-item-5905' data-av-masonry-item='5905' class='av-masonry-entry isotope-item post-5905 attachment type-attachment status-inherit hentry  av-masonry-item-with-image av-grid-img' title=\"\" alt=\"\"   itemprop=\"thumbnailUrl\" ><div class='av-inner-masonry-sizer'><\/div><figure class='av-inner-masonry main_color'><div class=\"av-masonry-outerimage-container\"><div class=\"av-masonry-image-container\" style=\"background-image: url(https:\/\/www.gerryeder.at\/gerryeder\/2017\/wordpress\/wp-content\/uploads\/2025\/12\/Creole-e1765654380573-705x657.jpg);\"><\/div><\/div><\/figure><\/a><!--end av-masonry entry--><a href=\"https:\/\/www.gerryeder.at\/gerryeder\/2017\/wordpress\/wp-content\/uploads\/2026\/04\/Photoroom_20260412_132031-e1776678800841-853x1030.png\"  aria-label=\"image image with no title\"  id='av-masonry-1-item-6030' data-av-masonry-item='6030' class='av-masonry-entry isotope-item post-6030 attachment type-attachment status-inherit hentry  av-masonry-item-with-image av-grid-img' title=\"\" alt=\"\"   itemprop=\"thumbnailUrl\" ><div class='av-inner-masonry-sizer'><\/div><figure class='av-inner-masonry main_color'><div class=\"av-masonry-outerimage-container\"><div class=\"av-masonry-image-container\" style=\"background-image: url(https:\/\/www.gerryeder.at\/gerryeder\/2017\/wordpress\/wp-content\/uploads\/2026\/04\/Photoroom_20260412_132031-e1776678800841-584x705.png);\"><\/div><\/div><\/figure><\/a><!--end av-masonry entry--><a href=\"https:\/\/www.gerryeder.at\/gerryeder\/2017\/wordpress\/wp-content\/uploads\/2026\/04\/572D3A75-0A11-4147-B02C-B323CDC29E1B-1030x687.png\"  aria-label=\"image image with no title\"  id='av-masonry-1-item-6045' data-av-masonry-item='6045' class='av-masonry-entry isotope-item post-6045 attachment type-attachment status-inherit hentry  av-masonry-item-with-image av-grid-img' title=\"\" alt=\"\"   itemprop=\"thumbnailUrl\" ><div class='av-inner-masonry-sizer'><\/div><figure class='av-inner-masonry main_color'><div class=\"av-masonry-outerimage-container\"><div class=\"av-masonry-image-container\" style=\"background-image: url(https:\/\/www.gerryeder.at\/gerryeder\/2017\/wordpress\/wp-content\/uploads\/2026\/04\/572D3A75-0A11-4147-B02C-B323CDC29E1B-705x470.png);\"><\/div><\/div><\/figure><\/a><!--end av-masonry entry--><a href=\"https:\/\/www.gerryeder.at\/gerryeder\/2017\/wordpress\/wp-content\/uploads\/2025\/12\/Kette-e1765654491269.jpg\"  aria-label=\"image image with no title\"  id='av-masonry-1-item-5900' data-av-masonry-item='5900' class='av-masonry-entry isotope-item post-5900 attachment type-attachment status-inherit hentry  av-masonry-item-with-image av-grid-img' title=\"\" alt=\"\"   itemprop=\"thumbnailUrl\" ><div class='av-inner-masonry-sizer'><\/div><figure class='av-inner-masonry main_color'><div class=\"av-masonry-outerimage-container\"><div class=\"av-masonry-image-container\" style=\"background-image: url(https:\/\/www.gerryeder.at\/gerryeder\/2017\/wordpress\/wp-content\/uploads\/2025\/12\/Kette-e1765654491269-705x611.jpg);\"><\/div><\/div><\/figure><\/a><!--end av-masonry entry--><a href=\"https:\/\/www.gerryeder.at\/gerryeder\/2017\/wordpress\/wp-content\/uploads\/2026\/04\/Photoroom_20260412_133935-748x1030.png\"  aria-label=\"image image with no title\"  id='av-masonry-1-item-6032' data-av-masonry-item='6032' class='av-masonry-entry isotope-item post-6032 attachment type-attachment status-inherit hentry  av-masonry-item-with-image av-grid-img' title=\"\" alt=\"\"   itemprop=\"thumbnailUrl\" ><div class='av-inner-masonry-sizer'><\/div><figure class='av-inner-masonry main_color'><div class=\"av-masonry-outerimage-container\"><div class=\"av-masonry-image-container\" style=\"background-image: url(https:\/\/www.gerryeder.at\/gerryeder\/2017\/wordpress\/wp-content\/uploads\/2026\/04\/Photoroom_20260412_133935-512x705.png);\"><\/div><\/div><\/figure><\/a><!--end av-masonry entry--><a href=\"https:\/\/www.gerryeder.at\/gerryeder\/2017\/wordpress\/wp-content\/uploads\/2026\/04\/FC5BBC91-5CF9-45A1-90F4-2B4C94F1B4EE-e1776678771727-745x1030.png\"  aria-label=\"image image with no title\"  id='av-masonry-1-item-6134' data-av-masonry-item='6134' class='av-masonry-entry isotope-item post-6134 attachment type-attachment status-inherit hentry  av-masonry-item-with-image av-grid-img' title=\"\" alt=\"\"   itemprop=\"thumbnailUrl\" ><div class='av-inner-masonry-sizer'><\/div><figure class='av-inner-masonry main_color'><div class=\"av-masonry-outerimage-container\"><div class=\"av-masonry-image-container\" style=\"background-image: url(https:\/\/www.gerryeder.at\/gerryeder\/2017\/wordpress\/wp-content\/uploads\/2026\/04\/FC5BBC91-5CF9-45A1-90F4-2B4C94F1B4EE-e1776678771727-510x705.png);\"><\/div><\/div><\/figure><\/a><!--end av-masonry entry--><a href=\"https:\/\/www.gerryeder.at\/gerryeder\/2017\/wordpress\/wp-content\/uploads\/2026\/04\/a5e3cae9-2e6a-4847-b544-55dc3c49378e-e1776619946720.jpg\"  aria-label=\"image image with no title\"  id='av-masonry-1-item-6047' data-av-masonry-item='6047' class='av-masonry-entry isotope-item post-6047 attachment type-attachment status-inherit hentry  av-masonry-item-with-image av-grid-img' title=\"\" alt=\"\"   itemprop=\"thumbnailUrl\" ><div class='av-inner-masonry-sizer'><\/div><figure class='av-inner-masonry main_color'><div class=\"av-masonry-outerimage-container\"><div class=\"av-masonry-image-container\" style=\"background-image: url(https:\/\/www.gerryeder.at\/gerryeder\/2017\/wordpress\/wp-content\/uploads\/2026\/04\/a5e3cae9-2e6a-4847-b544-55dc3c49378e-e1776619946720-691x705.jpg);\"><\/div><\/div><\/figure><\/a><!--end av-masonry entry--><a href=\"https:\/\/www.gerryeder.at\/gerryeder\/2017\/wordpress\/wp-content\/uploads\/2026\/04\/Photoroom_20260412_132545-e1776678834702-910x1030.png\"  aria-label=\"image image with no title\"  id='av-masonry-1-item-6034' data-av-masonry-item='6034' class='av-masonry-entry isotope-item post-6034 attachment type-attachment status-inherit hentry  av-masonry-item-with-image av-grid-img' title=\"\" alt=\"\"   itemprop=\"thumbnailUrl\" ><div class='av-inner-masonry-sizer'><\/div><figure class='av-inner-masonry main_color'><div class=\"av-masonry-outerimage-container\"><div class=\"av-masonry-image-container\" style=\"background-image: url(https:\/\/www.gerryeder.at\/gerryeder\/2017\/wordpress\/wp-content\/uploads\/2026\/04\/Photoroom_20260412_132545-e1776678834702-623x705.png);\"><\/div><\/div><\/figure><\/a><!--end av-masonry entry--><a href=\"https:\/\/www.gerryeder.at\/gerryeder\/2017\/wordpress\/wp-content\/uploads\/2025\/12\/Collier-Perle-1-1030x1018.jpg\"  aria-label=\"image image with no title\"  id='av-masonry-1-item-5899' data-av-masonry-item='5899' class='av-masonry-entry isotope-item post-5899 attachment type-attachment status-inherit hentry  av-masonry-item-with-image av-grid-img' title=\"\" alt=\"\"   itemprop=\"thumbnailUrl\" ><div class='av-inner-masonry-sizer'><\/div><figure class='av-inner-masonry main_color'><div class=\"av-masonry-outerimage-container\"><div class=\"av-masonry-image-container\" style=\"background-image: url(https:\/\/www.gerryeder.at\/gerryeder\/2017\/wordpress\/wp-content\/uploads\/2025\/12\/Collier-Perle-1-705x697.jpg);\"><\/div><\/div><\/figure><\/a><!--end av-masonry entry--><a href=\"https:\/\/www.gerryeder.at\/gerryeder\/2017\/wordpress\/wp-content\/uploads\/2026\/04\/39b1f2e8-dd94-45c8-9b15-34eec6f28958-e1776619915375.jpg\"  aria-label=\"image image with no title\"  id='av-masonry-1-item-6048' data-av-masonry-item='6048' class='av-masonry-entry isotope-item post-6048 attachment type-attachment status-inherit hentry  av-masonry-item-with-image av-grid-img' title=\"\" alt=\"\"   itemprop=\"thumbnailUrl\" ><div class='av-inner-masonry-sizer'><\/div><figure class='av-inner-masonry main_color'><div class=\"av-masonry-outerimage-container\"><div class=\"av-masonry-image-container\" style=\"background-image: url(https:\/\/www.gerryeder.at\/gerryeder\/2017\/wordpress\/wp-content\/uploads\/2026\/04\/39b1f2e8-dd94-45c8-9b15-34eec6f28958-e1776619915375-705x631.jpg);\"><\/div><\/div><\/figure><\/a><!--end av-masonry entry--><a href=\"https:\/\/www.gerryeder.at\/gerryeder\/2017\/wordpress\/wp-content\/uploads\/2026\/04\/Photoroom_20260409_115655-e1776678725622-754x1030.png\"  aria-label=\"image image with no title\"  id='av-masonry-1-item-6139' data-av-masonry-item='6139' class='av-masonry-entry isotope-item post-6139 attachment type-attachment status-inherit hentry  av-masonry-item-with-image av-grid-img' title=\"\" alt=\"\"   itemprop=\"thumbnailUrl\" ><div class='av-inner-masonry-sizer'><\/div><figure class='av-inner-masonry main_color'><div class=\"av-masonry-outerimage-container\"><div class=\"av-masonry-image-container\" style=\"background-image: url(https:\/\/www.gerryeder.at\/gerryeder\/2017\/wordpress\/wp-content\/uploads\/2026\/04\/Photoroom_20260409_115655-e1776678725622-516x705.png);\"><\/div><\/div><\/figure><\/a><!--end av-masonry entry--><a href=\"https:\/\/www.gerryeder.at\/gerryeder\/2017\/wordpress\/wp-content\/uploads\/2026\/04\/4E74BFAB-B26B-44E7-8287-F1EE5C504562-687x1030.png\"  aria-label=\"image image with no title\"  id='av-masonry-1-item-6050' data-av-masonry-item='6050' class='av-masonry-entry isotope-item post-6050 attachment type-attachment status-inherit hentry  av-masonry-item-with-image av-grid-img' title=\"\" alt=\"\"   itemprop=\"thumbnailUrl\" ><div class='av-inner-masonry-sizer'><\/div><figure class='av-inner-masonry main_color'><div class=\"av-masonry-outerimage-container\"><div class=\"av-masonry-image-container\" style=\"background-image: url(https:\/\/www.gerryeder.at\/gerryeder\/2017\/wordpress\/wp-content\/uploads\/2026\/04\/4E74BFAB-B26B-44E7-8287-F1EE5C504562-470x705.png);\"><\/div><\/div><\/figure><\/a><!--end av-masonry entry--><a href=\"https:\/\/www.gerryeder.at\/gerryeder\/2017\/wordpress\/wp-content\/uploads\/2026\/04\/69512427-6c9b-4ca4-a87c-aedf9c192083-e1776619892249.jpg\"  aria-label=\"image image with no title\"  id='av-masonry-1-item-6051' data-av-masonry-item='6051' class='av-masonry-entry isotope-item post-6051 attachment type-attachment status-inherit hentry  av-masonry-item-with-image av-grid-img' title=\"\" alt=\"\"   itemprop=\"thumbnailUrl\" ><div class='av-inner-masonry-sizer'><\/div><figure class='av-inner-masonry main_color'><div class=\"av-masonry-outerimage-container\"><div class=\"av-masonry-image-container\" style=\"background-image: url(https:\/\/www.gerryeder.at\/gerryeder\/2017\/wordpress\/wp-content\/uploads\/2026\/04\/69512427-6c9b-4ca4-a87c-aedf9c192083-e1776619892249-598x705.jpg);\"><\/div><\/div><\/figure><\/a><!--end av-masonry entry--><\/div><\/div>\n<section class=\"av_textblock_section \"  itemscope=\"itemscope\" itemtype=\"https:\/\/schema.org\/CreativeWork\" ><div class='avia_textblock  '   itemprop=\"text\" ><\/p>\n<\/div><\/section>\n","protected":false},"excerpt":{"rendered":"","protected":false},"author":1,"featured_media":0,"parent":0,"menu_order":0,"comment_status":"closed","ping_status":"closed","template":"","meta":{"footnotes":""},"_links":{"self":[{"href":"https:\/\/www.gerryeder.at\/gerryeder\/2017\/wordpress\/wp-json\/wp\/v2\/pages\/3351"}],"collection":[{"href":"https:\/\/www.gerryeder.at\/gerryeder\/2017\/wordpress\/wp-json\/wp\/v2\/pages"}],"about":[{"href":"https:\/\/www.gerryeder.at\/gerryeder\/2017\/wordpress\/wp-json\/wp\/v2\/types\/page"}],"author":[{"embeddable":true,"href":"https:\/\/www.gerryeder.at\/gerryeder\/2017\/wordpress\/wp-json\/wp\/v2\/users\/1"}],"replies":[{"embeddable":true,"href":"https:\/\/www.gerryeder.at\/gerryeder\/2017\/wordpress\/wp-json\/wp\/v2\/comments?post=3351"}],"version-history":[{"count":79,"href":"https:\/\/www.gerryeder.at\/gerryeder\/2017\/wordpress\/wp-json\/wp\/v2\/pages\/3351\/revisions"}],"predecessor-version":[{"id":6146,"href":"https:\/\/www.gerryeder.at\/gerryeder\/2017\/wordpress\/wp-json\/wp\/v2\/pages\/3351\/revisions\/6146"}],"wp:attachment":[{"href":"https:\/\/www.gerryeder.at\/gerryeder\/2017\/wordpress\/wp-json\/wp\/v2\/media?parent=3351"}],"curies":[{"name":"wp","href":"https:\/\/api.w.org\/{rel}","templated":true}]}}