{"id":3698,"date":"2017-01-14T18:51:20","date_gmt":"2017-01-14T17:51:20","guid":{"rendered":"http:\/\/www.gerryeder.at\/gerryeder\/2017\/wordpress\/?page_id=3698"},"modified":"2025-12-15T22:25:30","modified_gmt":"2025-12-15T21:25:30","slug":"gerry-eder-service-reparatur","status":"publish","type":"page","link":"https:\/\/www.gerryeder.at\/gerryeder\/2017\/wordpress\/gerry-eder-service-reparatur\/","title":{"rendered":"Gerry Eder | Service"},"content":{"rendered":"<div id='full_slider_1'  class='avia-fullwidth-slider main_color avia-shadow   avia-builder-el-0  el_before_av_one_full  avia-builder-el-first   container_wrap fullsize' style=' '  ><div   data-size='featured'  data-lightbox_size='large'  data-animation='fade'  data-conditional_play=''  data-ids='6023'  data-video_counter='0'  data-autoplay='false'  data-bg_slider='false'  data-slide_height=''  data-handle='av_slideshow_full'  data-interval='5'  data-class=' '  data-el_id=''  data-css_id=''  data-scroll_down=''  data-control_layout='av-control-default'  data-custom_markup=''  data-perma_caption='aviaTBperma_caption'  data-autoplay_stopper=''  data-image_attachment=''  data-min_height='0px'  data-lazy_loading='disabled'  data-src=''  data-position='top left'  data-repeat='no-repeat'  data-attach='scroll'  data-stretch=''  data-default-height='28.666666666667'  class='avia-slideshow avia-slideshow-1  av-control-default av-default-height-applied avia-slideshow-featured av_slideshow_full   avia-fade-slider '  itemprop=\"image\" itemscope=\"itemscope\" itemtype=\"https:\/\/schema.org\/ImageObject\" ><ul class='avia-slideshow-inner ' style='padding-bottom: 28.666666666667%;' ><li  class=' av-single-slide slide-1 ' ><div data-rel='slideshow-1' class='avia-slide-wrap '   ><img decoding=\"async\" class=\"wp-image-6023 avia-img-lazy-loading-not-6023\"  src=\"https:\/\/www.gerryeder.at\/gerryeder\/2017\/wordpress\/wp-content\/uploads\/2025\/12\/Banner-Service-1500x430.png\" width=\"1500\" height=\"430\" title='Banner Service' alt=''  itemprop=\"thumbnailUrl\"   \/><\/div><\/li><\/ul><\/div><\/div><div id='after_full_slider_1'  class='main_color av_default_container_wrap container_wrap fullsize' style=' '  ><div class='container' ><div class='template-page content  av-content-full alpha units'><div class='post-entry post-entry-type-page post-entry-3698'><div class='entry-content-wrapper clearfix'>\n<div class=\"flex_column av_one_full  no_margin flex_column_div av-zero-column-padding first  avia-builder-el-1  el_after_av_slideshow_full  el_before_av_one_full  avia-builder-el-first  \" style='background-color:#ffffff; border-radius:0px; '><section class=\"av_textblock_section \"  itemscope=\"itemscope\" itemtype=\"https:\/\/schema.org\/CreativeWork\" ><div class='avia_textblock  av_inherit_color '  style='color:#ffffff; '  itemprop=\"text\" ><p>..<\/p>\n<\/div><\/section><\/div>\n<div class=\"flex_column av_one_full  flex_column_div av-zero-column-padding first  avia-builder-el-3  el_after_av_one_full  el_before_av_hr  column-top-margin\" style='border-radius:0px; '><p><div  style='padding-bottom:10px; color:#515151;font-size:30px;' class='av-special-heading av-special-heading-h3 custom-color-heading blockquote classic-quote  avia-builder-el-4  el_before_av_textblock  avia-builder-el-first  av-inherit-size '><h3 class='av-special-heading-tag '  itemprop=\"headline\"  >Neues erschaffen. Altes bewahren.<\/h3><div class='special-heading-border'><div class='special-heading-inner-border' style='border-color:#515151'><\/div><\/div><\/div><br \/>\n<section class=\"av_textblock_section \"  itemscope=\"itemscope\" itemtype=\"https:\/\/schema.org\/CreativeWork\" ><div class='avia_textblock  av_inherit_color '  style='color:#ffffff; '  itemprop=\"text\" ><p>..<\/p>\n<\/div><\/section><\/p><\/div>\n<div  style=' margin-top:30px; margin-bottom:30px;'  class='hr hr-custom hr-center hr-icon-yes   avia-builder-el-6  el_after_av_one_full  el_before_av_layout_row  avia-builder-el-last '><span class='hr-inner  inner-border-av-border-thin' style=' width:110px; border-color:#565656; max-width:45%;' ><span class='hr-inner-style'><\/span><\/span><span class='av-seperator-icon'  aria-hidden='true' data-av_icon='\uf257' data-av_iconfont='light_'><\/span><span class='hr-inner  inner-border-av-border-thin' style=' width:110px; border-color:#565656; max-width:45%;' ><span class='hr-inner-style'><\/span><\/span><\/div>\n<\/div><\/div><\/div><!-- close content main div --><\/div><\/div><div id='av-layout-grid-1'  class='av-layout-grid-container entry-content-wrapper main_color av-flex-cells     avia-builder-el-7  el_after_av_hr  el_before_av_layout_row  submenu-not-first container_wrap fullsize' style=' '  >\n<div class=\"flex_cell no_margin av_one_half  avia-builder-el-8  el_before_av_cell_one_half  avia-builder-el-first   \"  style='vertical-align:top; padding:40px 30px 20px 30px ; ' ><div class='flex_cell_inner' ><p><div class=\"flex_column av_one_full  no_margin flex_column_div first  avia-builder-el-9  el_before_av_one_full  avia-builder-el-first  \" style='padding:30px; background-color:#ffffff; border-radius:0px; '><\/div><div class=\"flex_column av_one_full  no_margin flex_column_div first  avia-builder-el-11  el_after_av_one_full  avia-builder-el-last  column-top-margin\" style='padding:30px; background-color:#ffffff; border-radius:0px; '><p><div  style='padding-bottom:10px; color:#515151;font-size:24px;' class='av-special-heading av-special-heading-h3 custom-color-heading blockquote classic-quote  avia-builder-el-12  el_before_av_textblock  avia-builder-el-first  av-inherit-size '><h3 class='av-special-heading-tag '  itemprop=\"headline\"  >Service und Werkst\u00e4tte<\/h3><div class='special-heading-border'><div class='special-heading-inner-border' style='border-color:#515151'><\/div><\/div><\/div><br \/>\n<section class=\"av_textblock_section \"  itemscope=\"itemscope\" itemtype=\"https:\/\/schema.org\/CreativeWork\" ><div class='avia_textblock  av_inherit_color '  style='font-size:16px; color:#515151; '  itemprop=\"text\" ><p style=\"text-align: center;\">Ihr Schmuck in besten H\u00e4nden. Unsere Werkstatt genie\u00dft das Vertrauen zahlreicher Juweliere. Hier fertigen erfahrene Goldschmiede nicht nur unsere Kollektionen, sie k\u00fcmmern sich auch leidenschaftlich um den Erhalt Ihrer Kostbarkeiten. Ob Ringweiten\u00e4nderung oder Reparaturen jeder Art \u2013 wir arbeiten pr\u00e4zise und transparent. Auch f\u00fcr jahrzehntealte Lieblingsst\u00fccke bieten wir eine L\u00f6sung: Wir entwerfen und fertigen die perfekte Erg\u00e4nzung zu Ihrem bestehenden Unikat.<\/p>\n<\/div><\/section><\/p><\/div><\/p>\n<\/div><\/div><div class=\"flex_cell no_margin av_one_half  avia-builder-el-14  el_after_av_cell_one_half  avia-builder-el-last   av-zero-padding \"  style='vertical-align:top; padding:0px; background-color:#ffffff; ' ><div class='flex_cell_inner' ><div  class='avia-image-container  av-styling-no-styling    avia-builder-el-15  avia-builder-el-no-sibling  avia-align-center '  itemprop=\"image\" itemscope=\"itemscope\" itemtype=\"https:\/\/schema.org\/ImageObject\"  ><div class='avia-image-container-inner'><div class='avia-image-overlay-wrap'><img decoding=\"async\" class='wp-image-4276 avia-img-lazy-loading-not-4276 avia_image' src=\"https:\/\/www.gerryeder.at\/gerryeder\/2017\/wordpress\/wp-content\/uploads\/2017\/01\/01_ASW-LINZ___E.Sinzinger__-4.jpg\" alt='' title='' height=\"800\" width=\"1200\"  itemprop=\"thumbnailUrl\" srcset=\"https:\/\/www.gerryeder.at\/gerryeder\/2017\/wordpress\/wp-content\/uploads\/2017\/01\/01_ASW-LINZ___E.Sinzinger__-4.jpg 1200w, https:\/\/www.gerryeder.at\/gerryeder\/2017\/wordpress\/wp-content\/uploads\/2017\/01\/01_ASW-LINZ___E.Sinzinger__-4-300x200.jpg 300w, https:\/\/www.gerryeder.at\/gerryeder\/2017\/wordpress\/wp-content\/uploads\/2017\/01\/01_ASW-LINZ___E.Sinzinger__-4-768x512.jpg 768w, https:\/\/www.gerryeder.at\/gerryeder\/2017\/wordpress\/wp-content\/uploads\/2017\/01\/01_ASW-LINZ___E.Sinzinger__-4-1030x687.jpg 1030w, https:\/\/www.gerryeder.at\/gerryeder\/2017\/wordpress\/wp-content\/uploads\/2017\/01\/01_ASW-LINZ___E.Sinzinger__-4-705x470.jpg 705w, https:\/\/www.gerryeder.at\/gerryeder\/2017\/wordpress\/wp-content\/uploads\/2017\/01\/01_ASW-LINZ___E.Sinzinger__-4-450x300.jpg 450w\" sizes=\"(max-width: 1200px) 100vw, 1200px\" \/><\/div><\/div><\/div>\n<\/div><\/div>\n<\/div>\n<div id='av-layout-grid-2'  class='av-layout-grid-container entry-content-wrapper main_color av-flex-cells     avia-builder-el-16  el_after_av_layout_row  el_before_av_one_full  submenu-not-first container_wrap fullsize' style=' '  >\n<div class=\"flex_cell no_margin av_one_half  avia-builder-el-17  el_before_av_cell_one_half  avia-builder-el-first   av-zero-padding \"  style='vertical-align:top; padding:0px; ' ><div class='flex_cell_inner' ><div  class='avia-image-container  av-styling-no-styling    avia-builder-el-18  avia-builder-el-no-sibling  avia-align-center '  itemprop=\"image\" itemscope=\"itemscope\" itemtype=\"https:\/\/schema.org\/ImageObject\"  ><div class='avia-image-container-inner'><div class='avia-image-overlay-wrap'><img decoding=\"async\" class='wp-image-4260 avia-img-lazy-loading-not-4260 avia_image' src=\"https:\/\/www.gerryeder.at\/gerryeder\/2017\/wordpress\/wp-content\/uploads\/2017\/01\/ERSI_2017-8608.jpg\" alt='' title='' height=\"1000\" width=\"1500\"  itemprop=\"thumbnailUrl\" srcset=\"https:\/\/www.gerryeder.at\/gerryeder\/2017\/wordpress\/wp-content\/uploads\/2017\/01\/ERSI_2017-8608.jpg 1500w, https:\/\/www.gerryeder.at\/gerryeder\/2017\/wordpress\/wp-content\/uploads\/2017\/01\/ERSI_2017-8608-300x200.jpg 300w, https:\/\/www.gerryeder.at\/gerryeder\/2017\/wordpress\/wp-content\/uploads\/2017\/01\/ERSI_2017-8608-768x512.jpg 768w, https:\/\/www.gerryeder.at\/gerryeder\/2017\/wordpress\/wp-content\/uploads\/2017\/01\/ERSI_2017-8608-1030x687.jpg 1030w, https:\/\/www.gerryeder.at\/gerryeder\/2017\/wordpress\/wp-content\/uploads\/2017\/01\/ERSI_2017-8608-705x470.jpg 705w, https:\/\/www.gerryeder.at\/gerryeder\/2017\/wordpress\/wp-content\/uploads\/2017\/01\/ERSI_2017-8608-450x300.jpg 450w\" sizes=\"(max-width: 1500px) 100vw, 1500px\" \/><\/div><\/div><\/div>\n<\/div><\/div><div class=\"flex_cell no_margin av_one_half  avia-builder-el-19  el_after_av_cell_one_half  avia-builder-el-last   \"  style='vertical-align:top; padding:20px 30px 20px 30px ; background-color:#ffffff; ' ><div class='flex_cell_inner' ><p><div  style='padding-bottom:10px; color:#ffffff;' class='av-special-heading av-special-heading-h3 custom-color-heading blockquote classic-quote  avia-builder-el-20  el_before_av_heading  avia-builder-el-first  '><h3 class='av-special-heading-tag '  itemprop=\"headline\"  >&#8230;<\/h3><div class='special-heading-border'><div class='special-heading-inner-border' style='border-color:#ffffff'><\/div><\/div><\/div><br \/>\n<div  style='padding-bottom:10px; color:#ffffff;' class='av-special-heading av-special-heading-h3 custom-color-heading blockquote classic-quote  avia-builder-el-21  el_after_av_heading  el_before_av_one_full  '><h3 class='av-special-heading-tag '  itemprop=\"headline\"  >&#8230;<\/h3><div class='special-heading-border'><div class='special-heading-inner-border' style='border-color:#ffffff'><\/div><\/div><\/div><br \/>\n<div class=\"flex_column av_one_full  no_margin flex_column_div first  avia-builder-el-22  el_after_av_heading  avia-builder-el-last  \" style='padding:30px; background-color:#ffffff; border-radius:0px; '><p><div  style='padding-bottom:10px; color:#515151;' class='av-special-heading av-special-heading-h3 custom-color-heading blockquote classic-quote  avia-builder-el-23  el_before_av_textblock  avia-builder-el-first  '><h3 class='av-special-heading-tag '  itemprop=\"headline\"  >Technik auf dem neuesten Stand<\/h3><div class='special-heading-border'><div class='special-heading-inner-border' style='border-color:#515151'><\/div><\/div><\/div><br \/>\n<section class=\"av_textblock_section \"  itemscope=\"itemscope\" itemtype=\"https:\/\/schema.org\/CreativeWork\" ><div class='avia_textblock  av_inherit_color '  style='font-size:16px; color:#515151; '  itemprop=\"text\" ><p style=\"text-align: center;\">Traditionelles Handwerk trifft auf Innovation. Um Ihnen stets den besten Service zu bieten, entwickeln wir unser Leistungsangebot konsequent weiter. Profitieren Sie von unserer High-End-Ausstattung: Wir bieten modernste Lasertechnik zum Schwei\u00dfen und Gravieren, eine leistungsstarke Gro\u00df-Galvanikanlage, sowie pr\u00e4zise CAD-Modellierung und 3D-Druck.<\/p>\n<\/div><\/section><\/p><\/div><\/p>\n<\/div><\/div>\n<\/div><div id='after_submenu_2'  class='main_color av_default_container_wrap container_wrap fullsize' style=' '  ><div class='container' ><div class='template-page content  av-content-full alpha units'><div class='post-entry post-entry-type-page post-entry-3698'><div class='entry-content-wrapper clearfix'>\n<div class=\"flex_column av_one_full  flex_column_div av-zero-column-padding first  avia-builder-el-25  el_after_av_layout_row  el_before_av_section  avia-builder-el-no-sibling  \" style='background-color:#ffffff; border-radius:0px; '><p><section class=\"av_textblock_section \"  itemscope=\"itemscope\" itemtype=\"https:\/\/schema.org\/CreativeWork\" ><div class='avia_textblock  av_inherit_color '  style='color:#ffffff; '  itemprop=\"text\" ><p>..<\/p>\n<\/div><\/section><br \/>\n<div  style=' margin-top:30px; margin-bottom:30px;'  class='hr hr-custom hr-center hr-icon-yes   avia-builder-el-27  el_after_av_textblock  avia-builder-el-last '><span class='hr-inner  inner-border-av-border-thin' style=' width:180px; border-color:#565656; max-width:45%;' ><span class='hr-inner-style'><\/span><\/span><span class='av-seperator-icon'  aria-hidden='true' data-av_icon='\uf257' data-av_iconfont='light_'><\/span><span class='hr-inner  inner-border-av-border-thin' style=' width:180px; border-color:#565656; max-width:45%;' ><span class='hr-inner-style'><\/span><\/span><\/div><\/p><\/div>\n<\/div><\/div><\/div><!-- close content main div --><\/div><\/div><div id='av_section_1'  class='avia-section main_color avia-section-default avia-no-border-styling  avia-bg-style-scroll  avia-builder-el-28  el_after_av_one_full  el_before_av_textblock   container_wrap fullsize' style='background-color: #ffffff;  '  ><div class='container' ><div class='template-page content  av-content-full alpha units'><div class='post-entry post-entry-type-page post-entry-3698'><div class='entry-content-wrapper clearfix'>\n<div class=\"flex_column av_one_half  flex_column_div av-zero-column-padding first  avia-builder-el-29  el_before_av_one_half  avia-builder-el-first  \" style='border-radius:0px; '><article  class=\"iconbox iconbox_left_content    avia-builder-el-30  avia-builder-el-no-sibling  \"  itemscope=\"itemscope\" itemtype=\"https:\/\/schema.org\/CreativeWork\" ><div class=\"iconbox_icon heading-color\" aria-hidden='true' data-av_icon='\ue856' data-av_iconfont='entypo-fontello'  style='background-color:#ffffff; border:1px solid #3a3a3a; ' ><\/div><div class=\"iconbox_content\"><header class=\"entry-content-header\"><h3 class='iconbox_content_title  '  itemprop=\"headline\"  >Reparatur-Service<\/h3><\/header><div class='iconbox_content_container  '  itemprop=\"text\"  ><p>Egal ob Mode- oder echter Schmuck, Tafel-Geschirr oder Gravierarbeiten \u2013 wir machen die St\u00fccke ihrer Kunden wieder wie neu.<\/p>\n<\/div><\/div><footer class=\"entry-footer\"><\/footer><\/article><\/div><div class=\"flex_column av_one_half  flex_column_div av-zero-column-padding   avia-builder-el-31  el_after_av_one_half  el_before_av_one_half  \" style='border-radius:0px; '><article  class=\"iconbox iconbox_left_content    avia-builder-el-32  avia-builder-el-no-sibling  \"  itemscope=\"itemscope\" itemtype=\"https:\/\/schema.org\/CreativeWork\" ><div class=\"iconbox_icon heading-color\" aria-hidden='true' data-av_icon='\ue844' data-av_iconfont='entypo-fontello'  style='background-color:#ffffff; border:1px solid #3a3a3a; ' ><\/div><div class=\"iconbox_content\"><header class=\"entry-content-header\"><h3 class='iconbox_content_title  '  itemprop=\"headline\"  >Technik-Vorsprung<\/h3><\/header><div class='iconbox_content_container  '  itemprop=\"text\"  ><p>Modernste Maschinen f\u00fcr ihren schmucken Vorteil. Wir setzen auf neueste Technik und verf\u00fcgen \u00fcber Schwei\u00df-Laser, Gravur-Laser und eine Gro\u00df-Galvanikanlage.<\/p>\n<\/div><\/div><footer class=\"entry-footer\"><\/footer><\/article><\/div><div class=\"flex_column av_one_half  flex_column_div av-zero-column-padding first  avia-builder-el-33  el_after_av_one_half  el_before_av_one_half  column-top-margin\" style='border-radius:0px; '><article  class=\"iconbox iconbox_left_content    avia-builder-el-34  avia-builder-el-no-sibling  \"  itemscope=\"itemscope\" itemtype=\"https:\/\/schema.org\/CreativeWork\" ><div class=\"iconbox_icon heading-color\" aria-hidden='true' data-av_icon='\ue80b' data-av_iconfont='entypo-fontello'  style='background-color:#ffffff; border:1px solid #3a3a3a; ' ><\/div><div class=\"iconbox_content\"><header class=\"entry-content-header\"><h3 class='iconbox_content_title  '  itemprop=\"headline\"  >Fach-Kompetenz<\/h3><\/header><div class='iconbox_content_container  '  itemprop=\"text\"  ><p>Unsere Goldschmiede sind f\u00fcr sie im Einsatz. Damit wir beste \u00f6sterreichische Qualit\u00e4tsarbeit liefern k\u00f6nnen, bilden wir unsere Goldschmiede selbst aus.<\/p>\n<\/div><\/div><footer class=\"entry-footer\"><\/footer><\/article><\/div><div class=\"flex_column av_one_half  flex_column_div av-zero-column-padding   avia-builder-el-35  el_after_av_one_half  el_before_av_one_half  column-top-margin\" style='border-radius:0px; '><article  class=\"iconbox iconbox_left_content    avia-builder-el-36  avia-builder-el-no-sibling  \"  itemscope=\"itemscope\" itemtype=\"https:\/\/schema.org\/CreativeWork\" ><div class=\"iconbox_icon heading-color\" aria-hidden='true' data-av_icon='\ue8da' data-av_iconfont='entypo-fontello'  style='background-color:#ffffff; border:1px solid #3a3a3a; ' ><\/div><div class=\"iconbox_content\"><header class=\"entry-content-header\"><h3 class='iconbox_content_title  '  itemprop=\"headline\"  >Schmuck-Teile-Lager<\/h3><\/header><div class='iconbox_content_container  '  itemprop=\"text\"  ><p>Edelsteine, Perlen, Ketten im Schmuckk\u00e4stchen. W\u00e4hlen sie direkt aus unserem Magazin mit \u00fcber 1 Mio. Edel- und synthetischer Steine aus.<\/p>\n<\/div><\/div><footer class=\"entry-footer\"><\/footer><\/article><\/div><div class=\"flex_column av_one_half  flex_column_div av-zero-column-padding first  avia-builder-el-37  el_after_av_one_half  el_before_av_one_half  column-top-margin\" style='border-radius:0px; '><article  class=\"iconbox iconbox_left_content    avia-builder-el-38  avia-builder-el-no-sibling  \"  itemscope=\"itemscope\" itemtype=\"https:\/\/schema.org\/CreativeWork\" ><div class=\"iconbox_icon heading-color\" aria-hidden='true' data-av_icon='\ue862' data-av_iconfont='entypo-fontello'  style='background-color:#ffffff; border:1px solid #3a3a3a; ' ><\/div><div class=\"iconbox_content\"><header class=\"entry-content-header\"><h3 class='iconbox_content_title  '  itemprop=\"headline\"  >Schnelle Bearbeitung<\/h3><\/header><div class='iconbox_content_container  '  itemprop=\"text\"  ><p>Wir bearbeiten ihre Auftr\u00e4ge sofort. Ab Eintreffen der Schmuckst\u00fccke in unserer Service-Abteilung ben\u00f6tigen wir in der Regel nur max. 2 Arbeitstage f\u00fcr die Reparatur und die Retournierung.<\/p>\n<\/div><\/div><footer class=\"entry-footer\"><\/footer><\/article><\/div><div class=\"flex_column av_one_half  flex_column_div av-zero-column-padding   avia-builder-el-39  el_after_av_one_half  el_before_av_textblock  column-top-margin\" style='border-radius:0px; '><article  class=\"iconbox iconbox_left_content    avia-builder-el-40  avia-builder-el-no-sibling  \"  itemscope=\"itemscope\" itemtype=\"https:\/\/schema.org\/CreativeWork\" ><div class=\"iconbox_icon heading-color\" aria-hidden='true' data-av_icon='\ue8a8' data-av_iconfont='entypo-fontello'  style='background-color:#ffffff; border:1px solid #3a3a3a; ' ><\/div><div class=\"iconbox_content\"><header class=\"entry-content-header\"><h3 class='iconbox_content_title  '  itemprop=\"headline\"  >Sonder-Anfertigungen<\/h3><\/header><div class='iconbox_content_container  '  itemprop=\"text\"  ><p>Vom verlorenen Ohrring bis zum Familienerbst\u00fcck \u2013 wir entwerfen entweder selbst Skizzen entlang der Kundenw\u00fcnsche, fertigen Rohlinge nach bestehenden Entw\u00fcrfen oder produzieren Einzelst\u00fccke.<\/p>\n<\/div><\/div><footer class=\"entry-footer\"><\/footer><\/article><\/div><section class=\"av_textblock_section \"  itemscope=\"itemscope\" itemtype=\"https:\/\/schema.org\/CreativeWork\" ><div class='avia_textblock  av_inherit_color '  style='color:#ffffff; '  itemprop=\"text\" ><p>..<\/p>\n<\/div><\/section>\n<\/div><\/div><\/div><!-- close content main div --><\/div><\/div><div id='after_section_1'  class='main_color av_default_container_wrap container_wrap fullsize' style=' '  ><div class='container' ><div class='template-page content  av-content-full alpha units'><div class='post-entry post-entry-type-page post-entry-3698'><div class='entry-content-wrapper clearfix'>\n<section class=\"av_textblock_section \"  itemscope=\"itemscope\" itemtype=\"https:\/\/schema.org\/CreativeWork\" ><div class='avia_textblock  av_inherit_color '  style='color:#ffffff; '  itemprop=\"text\" ><p>..<\/p>\n<\/div><\/section>\n","protected":false},"excerpt":{"rendered":"","protected":false},"author":1,"featured_media":0,"parent":0,"menu_order":0,"comment_status":"closed","ping_status":"closed","template":"","meta":{"footnotes":""},"_links":{"self":[{"href":"https:\/\/www.gerryeder.at\/gerryeder\/2017\/wordpress\/wp-json\/wp\/v2\/pages\/3698"}],"collection":[{"href":"https:\/\/www.gerryeder.at\/gerryeder\/2017\/wordpress\/wp-json\/wp\/v2\/pages"}],"about":[{"href":"https:\/\/www.gerryeder.at\/gerryeder\/2017\/wordpress\/wp-json\/wp\/v2\/types\/page"}],"author":[{"embeddable":true,"href":"https:\/\/www.gerryeder.at\/gerryeder\/2017\/wordpress\/wp-json\/wp\/v2\/users\/1"}],"replies":[{"embeddable":true,"href":"https:\/\/www.gerryeder.at\/gerryeder\/2017\/wordpress\/wp-json\/wp\/v2\/comments?post=3698"}],"version-history":[{"count":53,"href":"https:\/\/www.gerryeder.at\/gerryeder\/2017\/wordpress\/wp-json\/wp\/v2\/pages\/3698\/revisions"}],"predecessor-version":[{"id":6024,"href":"https:\/\/www.gerryeder.at\/gerryeder\/2017\/wordpress\/wp-json\/wp\/v2\/pages\/3698\/revisions\/6024"}],"wp:attachment":[{"href":"https:\/\/www.gerryeder.at\/gerryeder\/2017\/wordpress\/wp-json\/wp\/v2\/media?parent=3698"}],"curies":[{"name":"wp","href":"https:\/\/api.w.org\/{rel}","templated":true}]}}