{"id":3712,"date":"2017-01-14T19:21:01","date_gmt":"2017-01-14T18:21:01","guid":{"rendered":"http:\/\/www.gerryeder.at\/gerryeder\/2017\/wordpress\/?page_id=3712"},"modified":"2017-01-26T08:56:15","modified_gmt":"2017-01-26T07:56:15","slug":"gerry-eder-impressum","status":"publish","type":"page","link":"https:\/\/www.gerryeder.at\/gerryeder\/2017\/wordpress\/gerry-eder-impressum\/","title":{"rendered":"Gerry Eder | Impressum"},"content":{"rendered":"<p><strong>Impressum:<\/strong><\/p>\n<p>&nbsp;<\/p>\n<p>F\u00fcr den Inhalt verantwortlich:<\/p>\n<p>Eder Gmbh.<br \/>\nGerry Eder<br \/>\nBauordenstrasse 64<br \/>\nA-4600 Wels<br \/>\nT: +43\u00a07242 62841<br \/>\nE-Mail: office@gerryeder.at<a href=\"mailto:office@erichsinzinger.at\"><br \/>\n<\/a>UID: \u00a0ATU\u00a025127706<\/p>\n<p>Alle Infos zum Gewerbe k\u00f6nnen auf der Homepage der\u00a0<a href=\"http:\/\/firmen.wko.at\/Web\/DetailsInfos.aspx?FirmaID=ebed527d-f4cc-40d2-8e15-d7ed2756f6b5&amp;StandortID=1143&amp;StandortName=engerwitzdorf&amp;Suchbegriff=artmann&amp;AspxAutoDetectCookieSupport=1\" target=\"_blank\">WKO<\/a>\u00a0gefunden werden.<br \/>\nEs gelten unsere allgemeinen Gesch\u00e4ftsbedingungen.<\/p>\n<p>&nbsp;<\/p>\n<p>Haftungsbeschr\u00e4nkung<\/p>\n<p>Die Inhalte dieser Website werden mit gr\u00f6\u00dftm\u00f6glicher Sorgfalt erstellt. Eder Gmbh.\u00a0\u00fcbernimmt keine Gew\u00e4hr f\u00fcr die Richtigkeit, Vollst\u00e4ndigkeit und Aktualit\u00e4t der bereitgestellten Inhalte. Die Nutzung der Inhalte der Website gerryeder.at erfolgt auf eigene Gefahr des Nutzers. Namentlich gekennzeichnete Beitr\u00e4ge geben die Meinung des jeweiligen Autors und nicht immer die Meinung des Anbieters wieder.<\/p>\n<p>Externe Links<\/p>\n<p>Diese Website enth\u00e4lt Verkn\u00fcpfungen zu Websites Dritter (\u201cexterne Links\u201d). Diese Websites unterliegen der Haftung der jeweiligen Betreiber. Der Anbieter hat bei der erstmaligen Verkn\u00fcpfung der externen Links die fremden Inhalte daraufhin \u00fcberpr\u00fcft, ob etwaige Rechtsverst\u00f6\u00dfe bestehen. Zu dem Zeitpunkt waren keine Rechtsverst\u00f6\u00dfe ersichtlich. Der Anbieter hat keinerlei Einfluss auf die aktuelle und zuk\u00fcnftige Gestaltung und auf die Inhalte der verkn\u00fcpften Seiten. Das Setzen von externen Links bedeutet nicht, dass sich der Anbieter die hinter dem Verweis oder Link liegenden Inhalte zu Eigen macht. Eine st\u00e4ndige Kontrolle der externen Links ist f\u00fcr den Anbieter ohne konkrete Hinweise auf Rechtsverst\u00f6\u00dfe nicht zumutbar. Bei Kenntnis von Rechtsverst\u00f6\u00dfen werden jedoch derartige externe Links unverz\u00fcglich gel\u00f6scht.<\/p>\n<p>COPYRIGHT<\/p>\n<p>Alle hier ver\u00f6ffentlichten Fotos unterliegen den Bestimmungen des Urheberrechts. Das Copyright liegt allein bei Eder Gmbh. Jegliche gewerbliche oder private Nutzung, Vervielf\u00e4ltigung, Ver\u00e4nderung oder Weitergabe an Dritte innerhalb und au\u00dferhalb des Internets ist daher nur mit ausdr\u00fccklicher Zustimmung des Fotografen gestattet. Das Material darf auch nicht gegen die verwaltenden oder dargestellten Personen in irgendeiner Form verwendet werden. Zuwiderhandlungen werden als Versto\u00df gegen das Urheberrechtsgesetz angezeigt und straf- und zivilrechtlich verfolgt.<\/p>\n<p>Datenschutzerkl\u00e4rung f\u00fcr die Nutzung von Google Analytics<\/p>\n<p>Diese Website benutzt Google Analytics, einen Webanalysedienst der Google Inc. (\u201cGoogle\u201d). Google Analytics verwendet sog. \u201cCookies\u201d, Textdateien, die auf Ihrem Computer gespeichert werden und die eine Analyse der Benutzung der Website durch Sie erm\u00f6glicht. Die durch den Cookie erzeugten Informationen \u00fcber Ihre Benutzung dieser Website (einschlie\u00dflich Ihrer IP-Adresse) wird an einen Server von Google in den USA \u00fcbertragen und dort gespeichert. Google wird diese Informationen benutzen, um Ihre Nutzung der Website auszuwerten, um Reports \u00fcber die Websiteaktivit\u00e4ten f\u00fcr die WebsitebetreiberInnen zusammenzustellen und um weitere mit der Websitenutzung und der Internetnutzung verbundene Dienstleistungen zu erbringen. Auch wird Google diese Informationen gegebenenfalls an Dritte \u00fcbertragen, sofern dies gesetzlich vorgeschrieben ist oder soweit Dritte diese Daten im Auftrag von Google verarbeiten. Google wird in keinem Fall Ihre IP-Adresse mit anderen Daten der Google Inc. in Verbindung bringen. Sie k\u00f6nnen die Speicherung der Cookies durch eine entsprechende Einstellung Ihrer Browser-Software verhindern; wir weisen Sie jedoch darauf hin, dass Sie in diesem Fall gegebenenfalls nicht s\u00e4mtliche Funktionen dieser Website vollumf\u00e4nglich werden nutzen k\u00f6nnen. Sie k\u00f6nnen dar\u00fcber hinaus die Erfassung der durch das Cookie erzeugten und auf Ihre Nutzung der Website bezogenen Daten (inkl. Ihrer IP-Adresse) an Google sowie die Verarbeitung dieser Daten durch Google verhindern, indem sie dieses\u00a0<a href=\"https:\/\/tools.google.com\/dlpage\/gaoptout?hl=de\">Browser-Plugin<\/a>\u00a0herunterladen und installieren.<\/p>\n<p>&nbsp;<\/p>\n<p>Die Produkte auf der Internetsite\u00a0sind nicht in Originalgr\u00f6\u00dfe abgebildet. Der Inhaber \u00fcbernimmt keine Verantwortung f\u00fcr \u00c4nderungen oder Irrt\u00fcmer.<\/p>\n<p>Produktfotografie: Erich Sinzinger.<br \/>\nModelfotografie: \u00a0Erich Sinzinger,\u00a0Gerry Frank,<\/p>\n<p>&nbsp;<\/p>\n","protected":false},"excerpt":{"rendered":"<p>Impressum: &nbsp; F\u00fcr den Inhalt verantwortlich: Eder Gmbh. Gerry Eder Bauordenstrasse 64 A-4600 Wels T: +43\u00a07242 62841 E-Mail: office@gerryeder.at UID: \u00a0ATU\u00a025127706 Alle Infos zum Gewerbe k\u00f6nnen auf der Homepage der\u00a0WKO\u00a0gefunden werden. Es gelten unsere allgemeinen Gesch\u00e4ftsbedingungen. &nbsp; Haftungsbeschr\u00e4nkung Die Inhalte dieser Website werden mit gr\u00f6\u00dftm\u00f6glicher Sorgfalt erstellt. Eder Gmbh.\u00a0\u00fcbernimmt keine Gew\u00e4hr f\u00fcr die Richtigkeit, Vollst\u00e4ndigkeit [&hellip;]<\/p>\n","protected":false},"author":1,"featured_media":0,"parent":0,"menu_order":0,"comment_status":"closed","ping_status":"closed","template":"","meta":{"footnotes":""},"_links":{"self":[{"href":"https:\/\/www.gerryeder.at\/gerryeder\/2017\/wordpress\/wp-json\/wp\/v2\/pages\/3712"}],"collection":[{"href":"https:\/\/www.gerryeder.at\/gerryeder\/2017\/wordpress\/wp-json\/wp\/v2\/pages"}],"about":[{"href":"https:\/\/www.gerryeder.at\/gerryeder\/2017\/wordpress\/wp-json\/wp\/v2\/types\/page"}],"author":[{"embeddable":true,"href":"https:\/\/www.gerryeder.at\/gerryeder\/2017\/wordpress\/wp-json\/wp\/v2\/users\/1"}],"replies":[{"embeddable":true,"href":"https:\/\/www.gerryeder.at\/gerryeder\/2017\/wordpress\/wp-json\/wp\/v2\/comments?post=3712"}],"version-history":[{"count":6,"href":"https:\/\/www.gerryeder.at\/gerryeder\/2017\/wordpress\/wp-json\/wp\/v2\/pages\/3712\/revisions"}],"predecessor-version":[{"id":3738,"href":"https:\/\/www.gerryeder.at\/gerryeder\/2017\/wordpress\/wp-json\/wp\/v2\/pages\/3712\/revisions\/3738"}],"wp:attachment":[{"href":"https:\/\/www.gerryeder.at\/gerryeder\/2017\/wordpress\/wp-json\/wp\/v2\/media?parent=3712"}],"curies":[{"name":"wp","href":"https:\/\/api.w.org\/{rel}","templated":true}]}}